{"id":1599,"date":"2023-12-13T22:22:24","date_gmt":"2023-12-13T21:22:24","guid":{"rendered":"http:\/\/eutcc.net\/?page_id=1599"},"modified":"2024-01-05T17:12:17","modified_gmt":"2024-01-05T16:12:17","slug":"december-2023","status":"publish","type":"page","link":"http:\/\/eutcc.net\/?page_id=1599","title":{"rendered":"December 2023"},"content":{"rendered":"\n<p><strong>Turkey Weekly 25 &#8211; 30 December 2023<\/strong><\/p>\n\n\n\n<p><strong>Turkey Today &#8211; 30.12.2023<\/strong><\/p>\n\n\n\n<p>The military blockade in Hespist village of \u015e\u0131rnak&#8217;s \u0130dil district has been continuing for 10 days.&nbsp;<\/p>\n\n\n\n<p>Naif Aybar, a 63-year-old prisoner in Van T Type Prison who had been receiving cancer treatment for a year, died.&nbsp;<\/p>\n\n\n\n<p>A court has arrested online news outlet Ger\u00e7ek G\u00fcndem editor Furkan Karabay for reporting publicly available information about a case hearing over allegedly \u201ctargeting the person who took part in the fight against terrorism.\u201d<\/p>\n\n\n\n<p>Mesopotamia Agency reporter Hakan Yal\u00e7\u0131n was arrested yesterday.&nbsp;<\/p>\n\n\n\n<p>Religious Affairs Directorate disavowed engaging in New Year&#8217;s celebrations, decorating Christmas trees, and having Santa Claus figures and suits during the final Friday sermon of the year.<\/p>\n\n\n\n<p><strong>Turkey Today &#8211; 28.12.2023<\/strong><\/p>\n\n\n\n<p>Turkish drones bombed the tents of workers working at a water well in Sinjar. 5 workers were killed and 2 workers were wounded in the attack.<\/p>\n\n\n\n<p>A 16-year-old boy was injured in Turkey&#8217;s bombardment of Ein Isa in Northern Syria.<\/p>\n\n\n\n<p>5 people were detained in police raids conducted in Adana, Mersin, Izmir and Manisa due to &#8220;being a member of an illegal organisation&#8221;.&nbsp;<\/p>\n\n\n\n<p>A court has sentenced&nbsp;Ru\u015fen F\u0131rat&nbsp;on trial for \u201cposting propaganda for a terrorist organization\u201d to post Turkish flags on their social media account every day for a month and released them under judicial control measures.<\/p>\n\n\n\n<p>\u0130stanbul Bar Association files a complaint against court panel for not implementing the Constitutional Court decision.&nbsp;<\/p>\n\n\n\n<p>The Deputy Foreign Minister stated in the meeting of the Foreign Affairs Committee that they have witnessed Sweden implementing legislative changes that nobody could have imagined five or six years ago.&nbsp;<\/p>\n\n\n\n<p><strong>Turkey Today &#8211; 27.12.2023<\/strong><\/p>\n\n\n\n<p>The Constitutional Court stated that the Court of Cassation acted contrary to the constitution&#8217;s provisions in a statement on the continuing imprisonment of MP Can Atalay despite its second judgment.<\/p>\n\n\n\n<p>Rural areas of 9 neighborhoods in Mardin&#8217;s Nusaybin district were declared &#8220;temporary security zone&#8221; for 15 days.&nbsp;<\/p>\n\n\n\n<p>In Tunceli, 6 people were detained during a rally against the attacks on Rojava.&nbsp;<\/p>\n\n\n\n<p>Journalist Can Atakl\u0131, against whom an investigation was launched due to his social media posts about the soldiers who lost their lives, was released by the court with judicial control condition after his statement at the prosecutor&#8217;s office.<\/p>\n\n\n\n<p><strong>Turkey Today &#8211; 26.12.2023<\/strong><\/p>\n\n\n\n<p>Sweden&#8217;s accession to NATO was approved by the Parliamentary Foreign Affairs Committee.&nbsp;<\/p>\n\n\n\n<p>Many people, including DEM Party executives, were detained in house raids in 32 cities, especially Ankara, Istanbul and Izmir.&nbsp;<\/p>\n\n\n\n<p>Gabar Mountain, located within the borders of \u015eirnex centre and G\u00fc\u00e7l\u00fckonak districts, was declared a &#8220;Temporary Special Security Zone&#8221; for 15 days by the decision of the governorship.&nbsp;<\/p>\n\n\n\n<p>It was announced that Iranian President Ibrahim Reisi will visit Turkey in the first week of January upon the invitation of Erdo\u011fan.&nbsp;<\/p>\n\n\n\n<p>The name of a school in Buca was changed to &#8220;Martyr Esat Oktay Y\u0131ld\u0131ran Primary School&#8221;. Esat Oktay Y\u0131ld\u0131ran served as the director of Diyarbak\u0131r Prison after the September 12 coup and is known as a torturer.&nbsp;<\/p>\n\n\n\n<p>MHP head Devlet Bah\u00e7eli left the parliamentary session in protest with other deputies as a DEM Party spokesperson took the rostrum for closing remarks of the budget hearings.<\/p>\n\n\n\n<p>With the increasing impact of influenza and other seasonal viruses as well as COVID-19 variants, the Turkish Medical Association (TTB) stated that Turkish hospitals have been going through a period similar to the peak days of the pandemic.<\/p>\n\n\n\n<p><strong>Turkey Today &#8211; 25.12.2023<\/strong><\/p>\n\n\n\n<p>Turkey bombed a train station, an agricultural center and a printing house in Northern and Eastern Syria. So far seven civilians lost their lives in Turkey&#8217;s attacks.&nbsp;<\/p>\n\n\n\n<p>Amid ongoing Turkish airstrikes, Christians in North and East Syria have gathered for Christmas services, but the streets remain eerily empty, fostering an atmosphere of uncertainty and fear.<\/p>\n\n\n\n<p>DEM Party declared it postponed its fourth ordinary provincial Bursa congress due to threats of attack received online.&nbsp;<\/p>\n\n\n\n<p>The hearing of the lawsuit filed against retired colonel Ali Osman Ak\u0131n and lieutenant colonel Kemal Alkan regarding the disappearance of Nezir Tek\u00e7i in Hakkari&#8217;s Y\u00fcksekova district was postponed.&nbsp;<\/p>\n\n\n\n<p><\/p>\n\n\n\n<p><strong>Turkey Weekly 18 &#8211; 24.12.2023<\/strong><\/p>\n\n\n\n<p>Turkey Today &#8211; 24.12.2023<\/p>\n\n\n\n<p>At least 30 young people were beaten and detained after today&#8217;s DEM Party Youth Congress in Diyarbak\u0131r.&nbsp;<\/p>\n\n\n\n<p>Defense Minister Ya\u015far G\u00fcler went to the border after the increase in soldier losses in the violent clashes in the Kurdistan Region of Iraq.&nbsp;<\/p>\n\n\n\n<p>The hunger strike in prisons demanding &#8220;freedom for Abdullah \u00d6calan and a solution to the Kurdish issue&#8221; entered its 28th day.&nbsp;<\/p>\n\n\n\n<p>Turkey lifted the tourism visa requirement for the United States, Bahrain, United Arab Emirates, Canada, Saudi Arabia, and Oman nationals. Tourists from the six countries will no longer need visas to spend up to 90 out of 180 days in Turkey.<\/p>\n\n\n\n<p>Turkey Today &#8211; 23.12.2023<\/p>\n\n\n\n<p>More than 300 individuals across 32 provinces, suspected of having links to ISIS, were detained according to Interior Minister Ali Yerlikaya.&nbsp;<\/p>\n\n\n\n<p>While the masses who wanted to commemorate Kurdish singer M\u00eer Perwer, who was murdered on 23 December 2023 in Paris, were not allowed to go to his grave, his family and relatives who went to the cemetery were beaten by the soldiers.&nbsp;<\/p>\n\n\n\n<p>Saturday Mothers gathered at Galatasaray Square in week 978. The case of Ismail Bah\u00e7eci who disappeared after he was taken into custody in Istanbul 29 years ago was thematised. Bah\u00e7eci studied journalism and was chairman of the Federation of Student Associations in Turkey.&nbsp;<\/p>\n\n\n\n<p>A court acquitted one SOL (Left) Party member&nbsp;H\u00fcseyin Karada\u011f previously charged for \u201cinsulting the Turkish President\u201d during a 2015 protest after the Constitutional Court ruled that the conviction violated the right to free expression.&nbsp;<\/p>\n\n\n\n<p>Turkey Today &#8211; 22.12.2023<\/p>\n\n\n\n<p>The Parliamentary Foreign Affairs Committee will discuss Sweden&#8217;s accession protocol to NATO on 26 December.&nbsp;<\/p>\n\n\n\n<p>During the parliamentary session discussing the 2024 budget, Justice Minister Y\u0131lmaz Tun\u00e7 mentioned to the issue of media freedom. He said &#8220;currently, there is no one in our prisons solely for journalistic activities.&#8221;&nbsp;<\/p>\n\n\n\n<p>DEM Party Spokesperson and also a journalist, Ay\u015feg\u00fcl Do\u011fan spoke about the budget of the Directorate of Communication in the parliament and criticized the statement of the Minister of Justice, who claimed that there were no imprisoned journalists in Turkey.<\/p>\n\n\n\n<p>The Association Supporating Women Candidates (KA.DER) sent a letter to political party representatives ahead of the local elections scheduled for March, requesting attention to gender balance when selecting candidates.<\/p>\n\n\n\n<p><strong>Turkey Today &#8211; 21.12.2023<\/strong><\/p>\n\n\n\n<p>The Constitutional Court found rights violations in Workers\u2019 Party of Turkey deputy Can Atalay\u2019s imprisonment once again, upon a second application by Atalay\u2019s lawyers.&nbsp;<\/p>\n\n\n\n<p>Far-right Victory Party (ZP) leader \u00dcmit \u00d6zda\u011f has demanded main opposition CHP leader \u00d6zg\u00fcr \u00d6zel to deem Sheikh Said \u201ctraitor\u201d to form an alliance for the local elections. \u00d6zda\u011f also demanded the CHP to not collaborate with the DEM Party.&nbsp;<\/p>\n\n\n\n<p>The Council of Judges and Prosecutors (HSK) changed the posts of 506 judges and prosecutors, including those facing investigations related to bribery and other charges.&nbsp;<\/p>\n\n\n\n<p>The hearing of the 50 thousand TL non-pecuniary damages lawsuit filed against journalist Faruk Arhan on the complaint of former AKP Erzurum MP Zehra Ta\u015fkesenlio\u011flu was held in Ankara. Trial adjourned until January.&nbsp;<\/p>\n\n\n\n<p>The journalist Hasan Sivri faced acase for allegedly sharing misleading information on social media about the February 6 earthquakes. Hasan Sivri was acquitted because the elements of the crime did not occur.<\/p>\n\n\n\n<p><strong>Turkey Today &#8211; 20.12.2023<\/strong><\/p>\n\n\n\n<p>Alevi organizations in Turkey requested a formal apology from the government on the 45th anniversary of the Mara\u015f Massacre. In 1978, ultranationalists attacked Alevi homes and killed 100+ in Mara\u015f.&nbsp;<\/p>\n\n\n\n<p>DEM Party MP Sezai Temelli questioned the ongoing censorship of the pro-Kurdish daily newspaper &#8220;Yeni Ya\u015fam&#8221; in the parliament. Yeni Ya\u015fam has not been allowed in the parliament since August 2021.&nbsp;<\/p>\n\n\n\n<p>The final hearing for the trial involving over 200 police officers in connection with the \u00dcmraniye Prison massacre, where 23 lives were lost, and 408 were injured between March 12-15, 1995, was held in \u0130stanbul. All defendants were acquitted.&nbsp;<\/p>\n\n\n\n<p>The release of seriously ill prisoner \u0130smail Hakk\u0131 Tursun, who has been held in prison for 31 years, was postponed for the third time on the grounds that he was not of &#8220;good behavior&#8221;.&nbsp;<\/p>\n\n\n\n<p>Emine \u015eenya\u015far, whose husband and two sons were murdered by the relatives and guards of former AKP MP \u0130brahim Halil Y\u0131ld\u0131z, was fined in the case where she was tried on the allegation of &#8220;insulting&#8221; Y\u0131ld\u0131z.&nbsp;<\/p>\n\n\n\n<p><strong>Turkey Today &#8211; 19.12.2023<\/strong><\/p>\n\n\n\n<p>President Erdo\u011fan stated that the EU would stall Ukraine and Moldova&#8217;s accession to the union and added that Turkey, which he believed had earned the right to join the EU before them, is being delayed for political reasons.<\/p>\n\n\n\n<p>\u0130Y\u0130 Party\u2019s presidential council member left the parliament after a dispute between deputies and deputy speaker S\u0131rr\u0131 S\u00fcreyya \u00d6nder over DEM Party MP George Aslan\u2019s Christmas celebration in his native Syriac language.&nbsp;<\/p>\n\n\n\n<p>Education Minister Yusuf Tekin has stated that the ministry would continue collaborating with Islamic cults and organizations in 2024.&nbsp;<\/p>\n\n\n\n<p>The &#8220;KCK Academy&#8221; case against 21 people, including former DBP and HDP members and executives and journalists Haydar Erg\u00fcl, Ahmet Birsin and \u015eeyma Kantarc\u0131, on charges of &#8220;being a member of an illegal organization&#8221; was held in \u0130stanbul. The court decided to continue the ban on leaving the country for all defendants. Trial adjourned until March.&nbsp;<\/p>\n\n\n\n<p>3 more criminal organization leaders, whom Interpol sought with a red notice and Urgent Capture Message, were detained in Turkey.&nbsp;<\/p>\n\n\n\n<p><strong>Turkey Today &#8211; 18.12.2023<\/strong><\/p>\n\n\n\n<p>Although 8 years have passed since the murder of Mother Taybet, whose body was held in the middle of the street for 7 days, not a single person has been tried. Her husband Halit \u0130nan said: &#8220;Despite all this brutality, the struggle of the Kurds continues.&#8221;<\/p>\n\n\n\n<p>The legal case regarding the threats against journalist Hale G\u00f6n\u00fclta\u015f following her report with headline &#8220;ISIS woman&#8217;s jihad video with a knife shot in the public park&#8221; concluded without penalties.&nbsp;<\/p>\n\n\n\n<p>Journalist S\u0131dd\u0131k G\u00fcler was arrested after the Supreme Court approved the local court&#8217;s sentence of 2 years, 4 months and 3 days in prison for &#8220;terrorism propaganda&#8221;.&nbsp;<\/p>\n\n\n\n<p>The first hearing of the lawsuit filed against 26 people who were detained while commemorating the victims of the mining disaster in Amasra in front of the Miners&#8217; Monument in Ankara was held in Ankara. The trial has been postponed to April to allow for the defense statements of those who haven&#8217;t presented their defenses yet.<\/p>\n\n\n\n<p>The case filed against Bakur documentary directors \u00c7ayan Demirel and Ertu\u011frul Mavio\u011flu due to &#8220;making illegal organization propaganda&#8221; was held in Batman. The court sentenced them to 1 year and 13 months in prison.&nbsp;<\/p>\n\n\n\n<p><\/p>\n\n\n\n<p><strong>Turkey Weekly 4 &#8211; 10 December 2023<\/strong><\/p>\n\n\n\n<p><strong>Turkey Today &#8211; 10.12.2023<\/strong><\/p>\n\n\n\n<p>The Human Rights Association (IHD) promoted demonstrations in numerous cities in Turkey and northern Kurdistan to mark the 75th anniversary of the UN Human Rights Charter.<\/p>\n\n\n\n<p>HEDEP Youth Council Co-Speakers Edanur \u0130brahimo\u011flu and \u0130brahim Uzun talked about the violence during detention and stated that they received a report of assault and that they would file a criminal complaint.<\/p>\n\n\n\n<p>Alevi organizations in Turkey held a rally in Istanbul\u2019s Kad\u0131k\u00f6y district, demanding a decent life, secular education and judicial independence in the country. The rally saw the participation of HEDEP co-chair, and CHP and HEDEP deputies.<\/p>\n\n\n\n<p>The rotating hunger strike initiated by the prisoners demanding &#8220;freedom for Abdullah \u00d6calan and a solution to the Kurdish issue&#8221; continues on its 14th day.<\/p>\n\n\n\n<p><strong>Turkey Today &#8211; 09.12.2023<\/strong><\/p>\n\n\n\n<p>2 children and 1 woman were wounded in the Turkish bombardment against a village in Northern Syria&#8217;s Til Temir.&nbsp;<\/p>\n\n\n\n<p>The families of Abdullah \u00d6calan and his fellow prisoners submitted an application to the Turkish judiciary for an urgent visit after the seaquake in the Gulf of Gemlik, which was also felt on the prison island of Imrali.<\/p>\n\n\n\n<p>In the 976th week of their protests, Saturday Mothers asked for the fate of Agit Akipa and \u0130brahim Demir, who disappeared in custody 31 years ago. The children of both disappeared people stated that they have been struggling for years for the perpetrators to be tried.&nbsp;<\/p>\n\n\n\n<p>Journalist Elfazi Toral from JINNEWS, who was beaten and detained yesterday while covering HEDEP youth council&#8217;s statement, was released with judicial control measures after giving her statement to the prosecutor&#8217;s office.&nbsp;<\/p>\n\n\n\n<p><strong>Turkey Today &#8211; 08.12.2023<\/strong><\/p>\n\n\n\n<p>Edanur Ibrahimo\u011flu, spokesperson for the HEDEP Youth Council, was hit so hard in the eye with the fist while in police custody in Istanbul that it swelled up completely.&nbsp;<\/p>\n\n\n\n<p>The Parliament\u2019s Human Rights Investigation Commission has stated the HEDEP\u2019s visit to jailed PKK leader Abdullah \u00d6calan was possible \u201cif it is deemed appropriate.\u201d&nbsp;<\/p>\n\n\n\n<p>Government ally MHP leader Devlet Bah\u00e7eli said that the party would accept Sweden\u2019s NATO membership in the Parliament depending on the organization\u2019s stance on the Palestine issue.&nbsp;<\/p>\n\n\n\n<p>The court imposed an access restriction on journalist Metin Cihan&#8217;s tweets in which he exposed Turkish companies&#8217; continuing trade relations with Israel upon the application of former PM Binali Binali Y\u0131ld\u0131r\u0131m.<\/p>\n\n\n\n<p>The first hearing of the case in which Dicle F\u0131rat Journalists Association (DFG) CoChair Dicle M\u00fcft\u00fco\u011flu is being tried on charges of &#8220;being a member of a terrorist organization&#8221; was held yesterday in Diyarbak\u0131r. The court decided to &#8220;continue the arrest&#8221;.&nbsp;<\/p>\n\n\n\n<p>K\u0131rklareli Provincial Directorate of Education appointed imams as spiritual counselors to 158 schools in the province. It became the third province where Muslim religious officials attended classes.<\/p>\n\n\n\n<p>Turkey Today &#8211; 06.12.2023<\/p>\n\n\n\n<p>Foreign Minister Hakan Fidan has stated that the country\u2019s diplomatic and trade relations with Israel \u201chas never been conducted at the expense of the just cause of Palestine.\u201d<\/p>\n\n\n\n<p>Imprisoned HDP former Co-Chair Selahattin Demirta\u015f appeared in court again. &#8220;I am Kurdish, I am a Kurdish politician, and that is the reason for my trial,&#8221; he said.&nbsp;<\/p>\n\n\n\n<p>Human Rights Association Ankara branch emphasized that the decision to postpone the execution given when Cemal Tanhan was on the brink of death would not change the fact that he lost his life in prison, constituting a violation of his right to life.<\/p>\n\n\n\n<p>Workers at \u00d6zak Textile, located in the Urfa Organized Industrial Zone, have been on strike since November 27 in response to pressure to change unions and dismissals from their jobs. Today, gendarmerie forces intervened and detained 19 workers.&nbsp;<\/p>\n\n\n\n<p>Turkey Today &#8211; 05.12.2023<\/p>\n\n\n\n<p>Turkish warplanes bombed the town of Bamerne in Duhok early in the morning. A citizen named Ali Cemil lost his life in the attack. One person was also injured. It is stated that one person is missing.<\/p>\n\n\n\n<p>MA editor Abdurrahman G\u00f6k was released after 7 months at the second hearing of the case filed against him.&nbsp;<\/p>\n\n\n\n<p>A prosecutor requested opposition journalist \u0130smail Saymaz\u2019s imprisonment of up to three years, for \u201crevealing the identity and targeting of public personnel on anti-terror duty.\u201d&nbsp;<\/p>\n\n\n\n<p>3 people were detained during the raids on houses in Malatya&#8217;s Yaz\u0131han district.&nbsp;<\/p>\n\n\n\n<p>Turkey Today &#8211; 04.12.2023<\/p>\n\n\n\n<p>HEDEP Spokesperson Ay\u015feg\u00fcl Do\u011fan stated that the tendency to field candidates in every part of the country in the local elections emerged at the MYK meeting of the party and said, &#8220;Our strategy is to win, not to have others lose or win.&#8221;<\/p>\n\n\n\n<p>Announcing its decision in the Vartinis Case, which was filed regarding the burning to death of 9 people from the same family in 1993, the court decided to drop the file on the grounds of prescription.<\/p>\n\n\n\n<p>Cemal Tanhan (68), a seriously ill prisoner who has been held in Bolu Prison, was taken to Hospital after he had a stroke on October 23. He died 43 days later.&nbsp;<\/p>\n\n\n\n<p>CHP Group Deputy Chair G\u00f6khan G\u00fcnayd\u0131n has stated that they would focus on the economic issues and the regime\u2019s autocracy in the local election campaign, which is scheduled to be held on March 31, 2024.&nbsp;<\/p>\n\n\n\n<p>Kocaeli MP Gergerlio\u011flu criticized lack of an official statement regarding the explosion in the Turkish Grain Board silos at Derince Port, and non-disclosure of the expert report, despite four months passing.&nbsp;<\/p>\n\n\n\n<p><\/p>\n\n\n\n<p><strong>Turkey Weekly 3 -2 December 2023<\/strong><\/p>\n\n\n\n<p>Turkey Today &#8211; 03.12.2023<\/p>\n\n\n\n<p>A commemoration programme was organised in front of the old building of the newspaper in Istanbul on the anniversary of the bombing of \u00d6zg\u00fcr \u00dclke newspaper on December 3, 1994.&nbsp;<\/p>\n\n\n\n<p>Many houses were raided by the police in Mu\u015f. HEDEP Youth Council member Berfin Yekta was detained during the house raids.&nbsp;<\/p>\n\n\n\n<p>The rotating hunger strike action launched in prisons demanding &#8220;freedom for Abdullah \u00d6calan and solution to the Kurdish issue&#8221; has entered its 7th day.<\/p>\n\n\n\n<p>Minister of Internal Affairs Ali Yerlikaya announced that &#8220;Shamil Amirov&#8221;, one of the managers of the &#8220;Thieves in Law&#8221; organized crime organization operating in Russia, who was wanted by Interpol with a blue bulletin, was caught in Istanbul.&nbsp;<\/p>\n\n\n\n<p>Turkey Today &#8211; 02.12.2023<\/p>\n\n\n\n<p>The remains of YJA-STAR member Menfiyat El\u00e7i\u00e7ek, who lost her life in the conflict that broke out in the Kato Mar\u00eenos region in 2018, was delivered to her family in a cardboard box.&nbsp;<\/p>\n\n\n\n<p>An individual application was made to the Constitutional Court (AYM) for the second time for Hatay MP Can Atalay.<\/p>\n\n\n\n<p>A Turkish chief prosecutor\u2019s office launched an investigation against far-right Victory Party (ZP) head \u00dcmit \u00d6zda\u011f for \u201cinciting the public to hatred and enmity\u201d and \u201cpurposeful spread of misinformation.\u201d<\/p>\n\n\n\n<p>A court has blocked access to the daily BirG\u00fcn\u2019s reporting dated Nov. 16 regarding sexual harassment allegations of a deputy governor based on a petition dated July 26.<\/p>\n","protected":false},"excerpt":{"rendered":"<p>Turkey Weekly 25 &#8211; 30 December 2023 Turkey Today &#8211; 30.12.2023 The military blockade in Hespist village of \u015e\u0131rnak&#8217;s \u0130dil district has been continuing for 10 days.&nbsp; Naif Aybar, a 63-year-old prisoner in Van T Type Prison who had been&hellip; <a href=\"http:\/\/eutcc.net\/?page_id=1599\" class=\"more-link\">Continue reading <span class=\"meta-nav\">&rarr;<\/span><\/a><\/p>\n","protected":false},"author":1,"featured_media":0,"parent":0,"menu_order":0,"comment_status":"closed","ping_status":"closed","template":"","meta":{"footnotes":""},"class_list":["post-1599","page","type-page","status-publish","hentry"],"_links":{"self":[{"href":"http:\/\/eutcc.net\/index.php?rest_route=\/wp\/v2\/pages\/1599","targetHints":{"allow":["GET"]}}],"collection":[{"href":"http:\/\/eutcc.net\/index.php?rest_route=\/wp\/v2\/pages"}],"about":[{"href":"http:\/\/eutcc.net\/index.php?rest_route=\/wp\/v2\/types\/page"}],"author":[{"embeddable":true,"href":"http:\/\/eutcc.net\/index.php?rest_route=\/wp\/v2\/users\/1"}],"replies":[{"embeddable":true,"href":"http:\/\/eutcc.net\/index.php?rest_route=%2Fwp%2Fv2%2Fcomments&post=1599"}],"version-history":[{"count":0,"href":"http:\/\/eutcc.net\/index.php?rest_route=\/wp\/v2\/pages\/1599\/revisions"}],"wp:attachment":[{"href":"http:\/\/eutcc.net\/index.php?rest_route=%2Fwp%2Fv2%2Fmedia&parent=1599"}],"curies":[{"name":"wp","href":"https:\/\/api.w.org\/{rel}","templated":true}]}}