{"id":1720,"date":"2024-05-06T17:00:20","date_gmt":"2024-05-06T15:00:20","guid":{"rendered":"http:\/\/eutcc.net\/?page_id=1720"},"modified":"2024-08-06T17:36:58","modified_gmt":"2024-08-06T15:36:58","slug":"mai-2024-2","status":"publish","type":"page","link":"http:\/\/eutcc.net\/?page_id=1720","title":{"rendered":"July 2024"},"content":{"rendered":"\n<p><strong>Turkey Weekly 28 &#8211; 31 July 2024<\/strong><\/p>\n\n\n\n<p>Turkey Today &#8211; 31.07.2024<\/p>\n\n\n\n<p>The warning sign \u201cPedestrian First \u201d was removed in Mardin&#8217;s Nusaybin district on the grounds that it \u201cviolates highway traffic marking standards\u201d.<\/p>\n\n\n\n<p>Diyarbakir Metropolitan Municipality teams rewrote the Kurdish warning signs that were deleted by the governorate&#8217;s decision.&nbsp;<\/p>\n\n\n\n<p>The Constitutional Court has ruled in favor of Abdurrahim K\u0131l\u0131\u00e7, who was previously convicted for wearing a t-shirt with the word &#8220;Kurdistan&#8221; and the Mesopotamian Sun emblem, deemed by lower courts as \u2018terrorist propaganda.\u2019<\/p>\n\n\n\n<p>President Erdo\u011fan has extended his condolences for the assassinated Hamas leader \u0130smail Haniyeh and condemned Israel for the \u201cheinous\u201d move that could ignite a regional war.<\/p>\n\n\n\n<p>President Erdo\u011fan has criticized the 2024 Paris Olympics opening ceremony for \u201cdebasing humanity to a level below animals,\u201d saying he refused to attend it after his granddaughter \u201cwarned\u201d him about the \u201cLGBT show.\u201d<\/p>\n\n\n\n<p>Turkey Today &#8211; 30.07.2024<\/p>\n\n\n\n<p>A series of police raids have taken place in Van, where several people, including the co-chairs of the provincial association of the DEM party Veysi Dilek\u00e7i and G\u00fcl\u015fen Kurt, have been arrested.<\/p>\n\n\n\n<p>The police attacked the crowd protesting the arrests in Van with dance and blockaded the party building.&nbsp;<\/p>\n\n\n\n<p>Bagok Mountain rural areas in Mardin&#8217;s Nusaybin were declared as &#8220;special security zone&#8221; for 15 days.&nbsp;<\/p>\n\n\n\n<p>A soldier named B.S. was arrested in Ayd\u0131n for singing Kurdish song and taking halay at a military fun party.&nbsp;<\/p>\n\n\n\n<p>Turkey Today &#8211; 29.07.2024<\/p>\n\n\n\n<p>President Erdo\u011fan has stated that his country might enter Israel to help Palestinians as it had done in the past in Libya and Nagorno-Karabakh.<\/p>\n\n\n\n<p>Police raided 3 weddings in Hakkari and detained musicians and some wedding hosts who sang Kurdish songs.&nbsp;&nbsp;<\/p>\n\n\n\n<p>Vandalism of Kurdish traffic signs continues with a new attack in Diyarbak\u0131r.&nbsp;<\/p>\n\n\n\n<p>An objection was made to the access ban imposed on Mezopotamya Agency&#8217;s domain name upon the complaint of the G\u00fcm\u00fc\u015fhane Provincial Gendarmerie Command.&nbsp;<\/p>\n\n\n\n<p>The Parliament has approved the controversial proposal for the euthanasia of stray dogs as part of the new &#8220;Animal Protection Law&#8221; amendment.&nbsp;<\/p>\n\n\n\n<p><strong>Turkey Weekly 22 &#8211; 28 July<\/strong><\/p>\n\n\n\n<p><strong>Turkey Today &#8211; 28.07.2024<\/strong><\/p>\n\n\n\n<p>In a resolution, the Turkish parliament condemned Israeli PM Netanyahu&#8217;s speech to the U.S. Congress. The parliament deemed the speech \u201ca shameful chapter in history.\u201d<\/p>\n\n\n\n<p>During an opening ceremony for houses rebuilt under urban transformation in the northern Rize province President Erdo\u011fan slapped a child for not kissing his hand.<\/p>\n\n\n\n<p>In a speech at Parliament, AKP deputy Emre \u00c7al\u0131\u015fkan targeted the Paris 2024 Olympics opening ceremony for becoming \u201ca propaganda tool of various perverted movements.\u201d He deemed the ceremony \u201cLGBT, pedophile and satanic propaganda.\u201d&nbsp;<\/p>\n\n\n\n<p>A Syrian refugee trans woman, who was deported by Turkey after her HIV status was exposed on social media, was killed by the Free Syrian Army in collaboration with her family in Syria.<\/p>\n\n\n\n<p>Turkey Today &#8211; 27.07.2024<\/p>\n\n\n\n<p>At least 11 people were detained while dancing the halay to Kurdish songs at weddings held on different dates in Istanbul.&nbsp;6 young women were detained in Siirt after a video of them dancing at a wedding was shared on virtual media.&nbsp;<\/p>\n\n\n\n<p>1 of 7 people detained in A\u011fr\u0131&#8217;s Do\u011fubeyaz\u0131t district on the grounds of Kurdish song and halay was arrested on the allegation of \u201cmaking propaganda for an illegal organization\u201d.<\/p>\n\n\n\n<p>The Constitutional Court (AYM) has ruled that the judicial fine imposed on Emine \u015eenya\u015far for insulting former AKP MP \u0130brahim Halil Y\u0131ld\u0131z is a violation and ordered a retrial.&nbsp;<\/p>\n\n\n\n<p>Daveti Tan, a 62-year-old prisoner in Van Type F Closed Prison, is suffering from memory loss and has lost weight. Tan&#8217;s daughter stated that her father cannot access treatment.&nbsp;<\/p>\n\n\n\n<p>Turkey Today &#8211; 26.07.2024<\/p>\n\n\n\n<p>The Syrian Observatory for Human Rights announced that Turkey transported 400 mercenaries from Syria to the Kurdistan Region of Iraq in return for $3,000 per month to fight against the PKK.&nbsp;<\/p>\n\n\n\n<p>It was reported that 15 villages in Northern and Eastern Syria were bombed by Turkey overnight.<\/p>\n\n\n\n<p>In Van, the Kurdish phrase &#8220;Pedestrian First\u201d written on a crosswalk by the Metropolitan Municipality was defaced by unidentified individuals, who painted over it with the phrase &#8220;Turkey is Turkish and will remain Turkish&#8221;.&nbsp;<\/p>\n\n\n\n<p>President Erdo\u011fan has dismissed many senior bureaucrats, including a deputy minister, and appointed 11 rectors to universities.&nbsp;<\/p>\n\n\n\n<p>Turkey Today &#8211; 25.07.2024<\/p>\n\n\n\n<p>AKP MPs attacked and punched DEM Party MP Ali Bozan while he was giving a speech in the Turkish Parliament. When the deputy Bozan fell to the ground on the General Assembly, the AKP MPs continued to attack Bozan.<\/p>\n\n\n\n<p>On their journey from Diyarbak\u0131r to \u0130stanbul, director \u00d6mer Levento\u011flu and cameraman H\u00fcseyin Alt\u00fcrk were briefly detained by police yesterday due to the possession of four t-shirts bearing the image of the imprisoned politician Selahattin Demirta\u015f.&nbsp;<\/p>\n\n\n\n<p>Former CHP leader K\u0131l\u0131\u00e7daro\u011flu once again criticized now leader \u00d6zel for meeting with Erdo\u011fan and said \u201cWe will not shake the hand of the person sitting in the palace and we will fight.\u201d In response, \u00d6zel said K\u0131l\u0131\u00e7daro\u011flu \u201cwas never the leader of a leading party\u201d unlike himself. K\u0131l\u0131\u00e7daro\u011flu is reportedly preparing to run for the CHP leadership once again.<\/p>\n\n\n\n<p>The 22nd hearing of the trial against the imprisoned journalist Mehmet Kam\u0131\u015f, who is charged with &#8220;attempting to abolish or prevent the functioning of the Grand National Assembly of Turkey,&#8221; was held in Istanbul. Considering the time spent in detention, the court released the journalist. Trial adjourned until November.&nbsp;<\/p>\n\n\n\n<p>Turkey Today &#8211; 24.07.2024<\/p>\n\n\n\n<p>Turkish diplomatic sources have denied a newspaper report claiming that President Erdo\u011fan would meet Syrian President Bashar al-Assad in Moscow next month.<\/p>\n\n\n\n<p>It was stated that a fire broke out in Kan\u00ee village of Duhok&#8217;s Am\u00eadiy\u00ea district, which was bombed by Turkish warplanes.&nbsp;<\/p>\n\n\n\n<p>President Erdo\u011fan said that the Ministry of Treasury and Finance will start collecting the debts of CHP municipalities.&nbsp;<\/p>\n\n\n\n<p>Bedrettin D\u00fczen, a shepherd died due to an explosion in Hakkari&#8217;s Y\u00fcksekova district.&nbsp;<\/p>\n\n\n\n<p>Agriculture and Forestry Minister \u0130brahim Yumakl\u0131 said that for municipalities refusing to comply with the planned \u201cmass euthanasia\u201d legislation for stray dogs, they would impose prison sentences ranging from six months to two years.<\/p>\n\n\n\n<p>Turkey Today &#8211; 23.07.2024<\/p>\n\n\n\n<p>The indictment against HDP&#8217;s former Izmir Provincial Co-Chairs, which was rejected by two courts on the grounds of &#8220;lack of jurisdiction&#8221;, was sent to Izmir 13th High Criminal Court by the Court of Appeal. The first hearing of the case will be held on 4 October.&nbsp;<\/p>\n\n\n\n<p>Prisoner&nbsp;Abd\u00fcrrahim Y\u00fcksel&nbsp;succumbed to his wounds after being severely burned. While the prison administration alleges that he burned himself, his family and lawyers question how he could have obtained a lighter in prison.<\/p>\n\n\n\n<p>Sick prisoner Mehmet Nuri Tiryaki, suffering from diabetes and hypertension stated that he has not been taken to the infirmary for 3 months.&nbsp;<\/p>\n\n\n\n<p>Turkey Today &#8211; 22.07.2024<\/p>\n\n\n\n<p>Turkish warplanes bombed Mount Met\u00eena and its surroundings in the Kurdistan Region of Iraq.&nbsp;<\/p>\n\n\n\n<p>Abdullah \u00d6calan, who has not been heard from in Imrali Prison for 40 months, and 3 other prisoners have been given a new 3-month ban on family visits.&nbsp;<\/p>\n\n\n\n<p>President Erdo\u011fan has stated that a potential shift in the U.S. administration following November&#8217;s presidential election could benefit Turkey&#8217;s expanding defense industry.<\/p>\n\n\n\n<p>Yesterday, the police have battered and detained dozens of members of leftist youth organizations in Istanbul and Ankara who were commemorating the 33 people killed in the ISIS massacre in Suru\u00e7.<\/p>\n\n\n\n<p><strong>Turkey Weekly 8 &#8211; 14 July 2024<\/strong><\/p>\n\n\n\n<p><strong>Turkey Today &#8211; 14.07.2024<\/strong><\/p>\n\n\n\n<p>&#8220;We will close the lock very soon in the Claw Operation Zone in northern Iraq,&#8221; President Erdo\u011fan announced at the National Defense University&#8217;s graduation ceremony.&nbsp;<\/p>\n\n\n\n<p>According to the indictment of the case of Ayhan Bora Kaplan\u2019s crime syndicate, Serdar Sert\u00e7elik, a suspect and secret witness in the case, said in a phone call that he &#8220;bribed&#8221; former Justice Minister Bozda\u011f 400,000 Euros for his case to be overturned. The former Minister denied the allegations.&nbsp;<\/p>\n\n\n\n<p>President Erdo\u011fan has condemned the assassination attempt on former United States President Trump, saying Turkey \u201cstands by the people of the friendly and allied United States.\u201d<\/p>\n\n\n\n<p>Public and private hospitals in Diyarbak\u0131r refuse to carry out abortion operations, arguing it is \u201cforbidden.\u201d Abortion on demand has been legal until the 10th week of pregnancy since 1983 in Turkey.<\/p>\n\n\n\n<p><strong>Turkey Today &#8211; 13.07.2024<\/strong><\/p>\n\n\n\n<p>Iraqi Foreign Minister Fuad Hussein, who played the role of mediator after Erdogan&#8217;s remarks on Syria, said that Turkey and Syria have reached an agreement on a meeting between the two countries, but no date has been set yet.<\/p>\n\n\n\n<p>In the last month, 16 political prisoners in Izmir prisons were transferred to other prisons in handcuffs without informing them. Lawyer Zengin from \u00d6HD said that those transferred were prisoners of 30 years and were transferred to newly opened prisons.&nbsp;<\/p>\n\n\n\n<p>Hatice Durak, the mother of artist Nudem Durak, who was sentenced to 19 years in prison for the Kurdish songs she sang, stated that her daughter&#8217;s health condition is deteriorating.&nbsp;<\/p>\n\n\n\n<p>The district governor of Istanbul\u2019s cultural hub Beyo\u011flu has banned the \u201cTurn and See Back: Revisiting Trans Revolutions in Turkey\u201d exhibition by the 10th Trans Pride Week Exhibition Collective.&nbsp;<\/p>\n\n\n\n<p><strong>Turkey Today &#8211; 12.07.2024<\/strong><\/p>\n\n\n\n<p>Journalist Murat M\u00eerza \u0130brahim, who was injured in Turkey&#8217;s airstrike on Shengal, has died.&nbsp;<\/p>\n\n\n\n<p>After the NATO Summit in Washington, President Erdo\u011fan repeated his call for normalization with Syria stating, &#8220;We want to start a new process by overcoming this resentment.&#8221;<\/p>\n\n\n\n<p>It was claimed that a UCAV crashed for an unknown reason in the morning hours in Hakkari&#8217;s Y\u00fcksekova district.<\/p>\n\n\n\n<p>A court has arrested LGBTI+ activist \u0130ris Mozalar on charges of &#8220;inciting hatred and enmity and insulting the public&#8221; for criticizing racist attacks against Syrian refugees on social media.<\/p>\n\n\n\n<p>The ninth hearing of the trial against journalist Can D\u00fcndar, charged with &#8220;procuring and disclosing confidential information related to state security for political or military espionage purposes&#8221; in the context of the MIT Trucks case, was held in Istanbu. The court decided to await the execution of the arrest warrant against the journalist. Trial adjourned until October.&nbsp;<\/p>\n\n\n\n<p><strong>Turkey Today &#8211; 11.07.2024<\/strong><\/p>\n\n\n\n<p>The Association of Lawyers for Freedom announced that 11 people detained in Nis\u00eab\u00een&#8217;s Mar\u00een\u00ea neighborhood were subjected to torture and sexual harassment.&nbsp;<\/p>\n\n\n\n<p>A military shipment was made from the \u00dcz\u00fcml\u00fc Border Gate in \u00c7ele district to the Kurdistan Region of Iraq.&nbsp;<\/p>\n\n\n\n<p>It was revealed that 13 children were subjected to sexual harassment at the M\u00eard\u00een Branch of the Anatolian Youth Association. The investigation launched upon the complaint turned into a lawsuit.&nbsp;<\/p>\n\n\n\n<p>President Erdo\u011fan has appointed Murat Zorluo\u011flu as the new Diyarbak\u0131r governor. Zorluo\u011flu was Trabzon&#8217;s mayor from the ruling AKP between 2019 and 2024.<\/p>\n\n\n\n<p><strong>Turkey Today &#8211; 10.07.2024<\/strong><\/p>\n\n\n\n<p>Police intervened with the E\u011fitim-Sen members marching to the parliament in protest of the proposed teaching profession bill in Ankara.&nbsp;<\/p>\n\n\n\n<p>Former Provincial Health Director of Diyarbak\u0131r Cihan Tekin has denied claims that the \u201cTurkishBeam\u201d technology was applied to Covid patients without proper informed consent during the pandemic. Allegations hold that some patients died after they were administered the unscientific treatment.&nbsp;<\/p>\n\n\n\n<p>A court has sentenced Mehmet Caymaz to life in prison for stabbing Kurdish street musician Cihan Aymaz to death on the pretext that the latter did not play the nationalist song the former requested.<\/p>\n\n\n\n<p>The 12th hearing of the trial in which journalist Hayko Ba\u011fdat is being prosecuted on charges of &#8220;insulting the president&#8221; and &#8220;publicly inciting hatred and hostility&#8221; was held in \u0130stanbul. He was sentenced to 1 year and 2 month in prison, but the sentence was suspended.&nbsp;<\/p>\n\n\n\n<p>Journalist Tolga \u015eardan faces 5 years in prison over \u2018intelligence report\u2019 article. In the article, \u015eardan mentioned a report prepared by the country\u2019s intelligence agency about high judicial bodies and submitted to the president.<\/p>\n\n\n\n<p><strong>Turkey Today &#8211; 09.07.2024<\/strong><\/p>\n\n\n\n<p>11 of the 14 people detained in the military operation launched in Batman&#8217;s Gerc\u00fc\u015f district were referred to court for arrest.&nbsp;<\/p>\n\n\n\n<p>A court has released Mehmet \u00d6zkan, the contractor of the city blocks that collapsed and killed 97 in Hatay during the Feb. 6 quakes. Victims&#8217; families objected to the release, citing his ties to the AKP and the risk of interfering with the trial.<\/p>\n\n\n\n<p>Prisoners in Sincan High Security Prison No. 1 reported that several people were poisoned by food poisoning last week.<\/p>\n\n\n\n<p>Mehmet Darga, 65, who is being held in prison since 1992, is not being released despite serious health problems. His wife said that he is held in solidarity confinement.&nbsp;<\/p>\n\n\n\n<p><strong>Turkey Today &#8211; 08.07.2024<\/strong><\/p>\n\n\n\n<p>3 people, including 2 journalists, were injured in the attack on the vehicle carrying journalists in Shengal.&nbsp;<\/p>\n\n\n\n<p>Due to of the recent bombardments of Turkish Armed Forces in the Kurdistan Region of Iraq, 80% of the agricultural lands and forests in 5 villages in the Bargare area in Amedi district have been burned.&nbsp;<\/p>\n\n\n\n<p>The &#8220;March for the Respect to Will&#8221; which was launched against the appointment of s trustee and started on June 30th has reached Hakkari.&nbsp;<\/p>\n\n\n\n<p>A petition was launched with the participation of many people including intellectuals, writers and journalists against the revocation of A\u00e7\u0131k Radyo&#8217;s license by the Radio and Television Supreme Council.&nbsp;<\/p>\n\n\n\n<p><\/p>\n\n\n\n<p><strong>Turkey Weekly 1 &#8211; 7 July 2024<\/strong><\/p>\n\n\n\n<p><strong>Turkey Today &#8211; 07.07.2024<\/strong><\/p>\n\n\n\n<p>In the 28th legislative term of the Parliament, almost half of the 12,512 inquiries submitted by the opposition deputies were left unanswered. Additionally, none of the motions from any opposition parties was brought to the parliamentary agenda.<\/p>\n\n\n\n<p>Educators and union representatives have organized a week-long protest in Ankara\u2019s Parliament Park, criticizing the proposed amendment to the Teaching Profession Law for the lack of provisions to improve the conditions of private sector teachers.&nbsp;<\/p>\n\n\n\n<p>It was revealed that the trustees of Cizre Municipality also handed over the parks. DEM Party administration started maintenance and repair work in the parks because they were abandoned to their fate.&nbsp;<\/p>\n\n\n\n<p>DEM Party Parliamentary Deputy Chair S\u0131rr\u0131 S\u00fcreyya \u00d6nder, who attended the protest of earthquake victims&#8217; families, said those responsible must be held accountable before justice.&nbsp;<\/p>\n\n\n\n<p><strong>Turkey Today &#8211; 06.07.2024<\/strong><\/p>\n\n\n\n<p>Some village guards who were forced to be taken to the Kurdish city of Afrin (Syria), which has been under occupation since 2018, resigned.&nbsp;<\/p>\n\n\n\n<p>Saturday Mothers gathered at Galatasaray Square in week 1006 to ask for the fate of Edip Aksoy and Orhan Cing\u00f6z who were disappeared 29 years ago.<\/p>\n\n\n\n<p>Relatives of the disappeared and Human Rights Association (IHD) Amed (Diyarbak\u0131r-Kurdistan) Branch gathered in Diyarbak\u0131r and commemorated Vedat Ayd\u0131n who was taken from his home on 5 July 1991 and whose lifeless body was found in Elaz\u0131\u011f.&nbsp;<\/p>\n\n\n\n<p>Burak K\u0131l\u0131\u00e7, the deputy head of Turkey\u2019s ultranationalist Grey Wolves organization, has threatened oppositional journalists covering the murder trial of Sinan Ate\u015f through a post on social media.<\/p>\n\n\n\n<p><strong>Turkey Today &#8211; 05.07.2024<\/strong><\/p>\n\n\n\n<p>Osman Kavala&#8217;s request for a retrial has been denied once again by the Justice Ministry.&nbsp;<\/p>\n\n\n\n<p>The ninth hearing of the trial, in which journalist Ya\u011fmur Kaya and 51 Bo\u011fazi\u00e7i University students are being prosecuted on the charge of &#8220;violating Law No. 2911 on Meetings and Demonstrations,&#8221; was held in \u0130stanbul. The requests of some defense attorneys for an immediate acquittal decision was rejected.&nbsp;<\/p>\n\n\n\n<p>A court has arrested three minors for the murder of 17-year-old Syrian Ahmed Hamdan Al Naif in the Antalya province\u2019s Serik district.&nbsp;<\/p>\n\n\n\n<p>The Culture Ministry\u2019s new practice of appointing a Turkish coordinator for foreign archaeology teams during the excavations has drawn criticism from the experts.&nbsp;<\/p>\n\n\n\n<p><strong>Turkey Today &#8211; 04.07.2024<\/strong><\/p>\n\n\n\n<p>Turkey bombarded Sergel\u00ea village in Dohuk city of the Kurdistan Region of Iraq. A fire broke out in the village.&nbsp;<\/p>\n\n\n\n<p>15-year-old Syrian child fatally stabbed in Antalya amid anti-refugee violence. Three suspects, all minors themselves, have been arrested following the incident.<\/p>\n\n\n\n<p>CHP Spokesperson Deniz Y\u00fccel has held President Erdo\u011fan responsible for the attacks against Syrian refugees that started in Kayseri, and for \u201cthe refugee problem.\u201d&nbsp;<\/p>\n\n\n\n<p>Bo\u011fazi\u00e7i University students hold alternative graduation after rector\u2019s ban. The university administration attempted to disrupt the event by playing loud music on the campus.&nbsp;<\/p>\n\n\n\n<p><strong>Turkey Today &#8211; 03.07.2024<\/strong><\/p>\n\n\n\n<p>Turkey&#8217;s Foreign Ministry has summoned the German ambassador to Ankara following a disciplinary investigation launched by UEFA against Turkish footballer Merih Demiral. The investigation concerns a gesture known as the &#8216;Grey Wolves&#8217; sign.&nbsp;<\/p>\n\n\n\n<p>An Ankara court has handed prison sentences to eight journalists working for Kurdish news outlets for \u201cbeing a member of a terrorist organization.\u201d Three others have been acquitted of the charges.<\/p>\n\n\n\n<p>Media watchdog RT\u00dcK revoked radio channel A\u00e7\u0131k Radyo&#8217;s license over \u201cnot complying\u201d with the program suspension fine it received due to remarks on the Armenian Genocide in of its programs.<\/p>\n\n\n\n<p>Turkey has been in discussions with the United States regarding the construction of large-scale nuclear power plants and small modular reactors (SMR), a senior official from the Turkish Energy Ministry told Reuters.<\/p>\n\n\n\n<p><strong>Turkey Today &#8211; 02.07.2024<\/strong><\/p>\n\n\n\n<p>Racist attacks against Syrian refugees have been increasing in Kayseri, Hatay, Adana, \u015eanl\u0131urfa, Bursa, and Gaziantep provinces, with refugees&#8217; shops and vehicles being set on fire.<\/p>\n\n\n\n<p>Turkey marked the 31st anniversary of the Sivas Massacre, where an Islamist mob set fire to the Mad\u0131mak Hotel in the central Sivas province, killing 35 people. DEM Party, CHP, and T\u0130P chairs joined the commemoration and demanded justice for the victims.&nbsp;&nbsp;<\/p>\n\n\n\n<p>President Recep Tayyip Erdo\u011fan removed his Health Minister Fahrettin Koca and Urbanization Minister Mehmet \u00d6zhaseki with a late-night decree.&nbsp;<\/p>\n\n\n\n<p><strong>Turkey Today &#8211; 01.07.2024<\/strong><\/p>\n\n\n\n<p>Association of Lawyers for Freedom and DEM Party Law Commission applied to Van Administrative Court for the annulment of the decision to appoint a trustee to Hakkari Municipality.&nbsp;<\/p>\n\n\n\n<p>At the hearing of the Ankara Station Massacre case, the defendant Resul Demir requested that the then Prime Minister Ahmet Davuto\u011flu be heard. 10 defendants receive aggravated life sentence for ISIS massacre in Ankara, one acquitted of crimes against humanity.&nbsp;<\/p>\n\n\n\n<p>An incident of the alleged sexual assault on a child in Kayseri, central Turkey, turned into violent protests targeting the refugee community of the city on Sunday evening.&nbsp;<\/p>\n\n\n\n<p><\/p>\n","protected":false},"excerpt":{"rendered":"<p>Turkey Weekly 28 &#8211; 31 July 2024 Turkey Today &#8211; 31.07.2024 The warning sign \u201cPedestrian First \u201d was removed in Mardin&#8217;s Nusaybin district on the grounds that it \u201cviolates highway traffic marking standards\u201d. Diyarbakir Metropolitan Municipality teams rewrote the Kurdish&hellip; <a href=\"http:\/\/eutcc.net\/?page_id=1720\" class=\"more-link\">Continue reading <span class=\"meta-nav\">&rarr;<\/span><\/a><\/p>\n","protected":false},"author":1,"featured_media":0,"parent":0,"menu_order":0,"comment_status":"closed","ping_status":"closed","template":"","meta":{"footnotes":""},"class_list":["post-1720","page","type-page","status-publish","hentry"],"_links":{"self":[{"href":"http:\/\/eutcc.net\/index.php?rest_route=\/wp\/v2\/pages\/1720","targetHints":{"allow":["GET"]}}],"collection":[{"href":"http:\/\/eutcc.net\/index.php?rest_route=\/wp\/v2\/pages"}],"about":[{"href":"http:\/\/eutcc.net\/index.php?rest_route=\/wp\/v2\/types\/page"}],"author":[{"embeddable":true,"href":"http:\/\/eutcc.net\/index.php?rest_route=\/wp\/v2\/users\/1"}],"replies":[{"embeddable":true,"href":"http:\/\/eutcc.net\/index.php?rest_route=%2Fwp%2Fv2%2Fcomments&post=1720"}],"version-history":[{"count":0,"href":"http:\/\/eutcc.net\/index.php?rest_route=\/wp\/v2\/pages\/1720\/revisions"}],"wp:attachment":[{"href":"http:\/\/eutcc.net\/index.php?rest_route=%2Fwp%2Fv2%2Fmedia&parent=1720"}],"curies":[{"name":"wp","href":"https:\/\/api.w.org\/{rel}","templated":true}]}}