{"id":2000,"date":"2025-03-30T22:48:22","date_gmt":"2025-03-30T20:48:22","guid":{"rendered":"http:\/\/eutcc.net\/?page_id=2000"},"modified":"2025-04-08T16:19:55","modified_gmt":"2025-04-08T14:19:55","slug":"march-2025","status":"publish","type":"page","link":"http:\/\/eutcc.net\/?page_id=2000","title":{"rendered":"March 2025"},"content":{"rendered":"\n<p><strong>Turkey Today &#8211; 31.03.2025\u00a0<\/strong><\/p>\n\n\n\n<p>Kurdish Political Leader Abdullah \u00d6calan met with family members on the occasion of Eid al-Fitr, marking a rare visit permitted at \u0130mral\u0131 Island Prison. Three other prisoners on the island were also allowed family visits.<\/p>\n\n\n\n<p>The MHP and the DEM Party exchanged Eid al-Fitr greetings for the first time on the second day of the holiday.&nbsp;<\/p>\n\n\n\n<p>Mahir Polat, Deputy Secretary General of Istanbul Metropolitan Municipality, had undergone an angioplasty after he was transferred to hospital due to illness in Silivri Prison. Polat was sent to prison again.&nbsp;<\/p>\n\n\n\n<p>Izmir Bar Association announced that traces of beating and force were found in the young people arrested for participating in Imamo\u011flu protests.&nbsp;<\/p>\n\n\n\n<p>CHP Istanbul MP and Group Deputy Chair G\u00f6khan G\u00fcnayd\u0131n announced on his social media account that the judge who did not issue an arrest warrant during the Istanbul Metropolitan Municipality operation has been dismissed.<\/p>\n\n\n\n<p>&#8230;<\/p>\n\n\n\n<p><strong>Turkey Weekly 24 -30 March 2025<\/strong><\/p>\n\n\n\n<p><strong>Turkey Today &#8211; 30.03.2025<\/strong><\/p>\n\n\n\n<p>Despite the ceasefire declared by the Kurdistan Workers Party on 1 March, Turkey&#8217;s attacks against the Kurdistan Region of Iraq continue.<\/p>\n\n\n\n<p>Sharing his Eid message, President Erdo\u011fan said, &#8220;Our global, regional and domestic dynamics offer us a more favourable ground for the successful conclusion of such a process than ever before.&#8221;&nbsp;<\/p>\n\n\n\n<p>Presidential Advisor Mehmet U\u00e7um targeted the street protests that have been going on since 19 March: &#8220;Nihilist acts of civil disobedience are aimed at chaos.&#8221;<\/p>\n\n\n\n<p>Former CHP Chairman Kemal K\u0131l\u0131\u00e7daro\u011flu visited Istanbul Mayor Ekrem \u0130mamo\u011flu, who is under arrest in Silivri Prison.&nbsp;<\/p>\n\n\n\n<p>Turkey Today &#8211; 29.03.2025<\/p>\n\n\n\n<p>The Turkish parliament has received requests to lift the immunity of 11 members of parliament, mainly in connection with allegations of terrorism.&nbsp;<\/p>\n\n\n\n<p>Mehmet Pehlivan, Ekrem \u0130mamo\u011flu&#8217;s lawyer, was arrested yesterday. Pehlivan was released today on judicial control measures.&nbsp;<\/p>\n\n\n\n<p>Swedish journalist Joakim Medin from the Dagens ETC newspaper was arrested in Turkey for &#8220;terror organization membership&#8221; and &#8220;insulting the president.&#8221; He was sent to Maltepe Prison in Istanbul.<\/p>\n\n\n\n<p>In Istanbul, hundreds of thousands of people took to the streets to demand the release of imprisoned and dismissed mayor Ekrem Imamo\u011flu and early elections.&nbsp;<\/p>\n\n\n\n<p>Saturday Mothers gathered at Galatasaray Square in week 1044 and demanded the fate of Ali Karag\u00f6z, who disappeared under custody in 1993.&nbsp;<\/p>\n\n\n\n<p>Turkey Today &#8211; 28.03.2025<\/p>\n\n\n\n<p>During house raids in Ankara and Istanbul several people were detained including journalists Elif Bayburt and Nisa Sude Demirel.<\/p>\n\n\n\n<p>BBC correspondent Mark Lowen was deported from Turkey after following the protests against the arrest of Ekrem \u0130mamo\u011flu.<\/p>\n\n\n\n<p>Seven individuals, including a journalist, have been released under judicial supervision after being detained during a protest in Bal\u0131kesir.&nbsp;<\/p>\n\n\n\n<p>The Radio and Television Supreme Council (RT\u00dcK), has issued a 10-day broadcast suspension for pro-opposition S\u00f6zc\u00fc TV over its coverage of protests.<\/p>\n\n\n\n<p>A woman detained during protests in \u0130stanbul following the arrest of Mayor Ekrem \u0130mamo\u011flu has stated that she was subjected to physical abuse and sexual harassment by police officers.<\/p>\n\n\n\n<p>Turkey Today &#8211; 26.03.2025<\/p>\n\n\n\n<p>Justice Minister Y\u0131lmaz Tun\u00e7 stated that Abdullah \u00d6calan&#8217;s family had applied to go to \u0130mral\u0131 and said, &#8220;It will be evaluated within the scope of the rights of convicts.&#8221;&nbsp;<\/p>\n\n\n\n<p>Members of the Central Executive Board of the Education and Science Workers&#8217; Union were placed under house arrest for a week as part of the investigations launched after the union decided to stop work for a day to support the academic boycott of university students following the arrest of Istanbul Metropolitan Municipality Mayor Ekrem \u0130mamo\u011flu.<\/p>\n\n\n\n<p>The Association for Freedom of Expression announced that 12 women&#8217;s organisations and platforms were banned from accessing X accounts on the grounds of their virtual media posts following the investigation into the Istanbul Metropolitan Municipality.&nbsp;<\/p>\n\n\n\n<p>The hearing of the case against 10 people including Kerboran Co-Mayor Asya Gezer was adjourned.&nbsp;<\/p>\n\n\n\n<p>\u0130stanbul&#8217;s city council has elected CHP deputy mayor Nuri Aslan as new acting mayor following the arrest and suspension of Mayor Ekrem \u0130mamo\u011flu.<\/p>\n\n\n\n<p>Turkey Today &#8211; 25.03.2025<\/p>\n\n\n\n<p>Minister of Interior Ali Yerlikaya announced that 1,418 people were detained in 6 days.&nbsp;<\/p>\n\n\n\n<p>Seven journalists who reported on the recent mass protests against the government have been remanded in custody. The judiciary accuses them of taking part in the officially banned demonstrations.&nbsp;<\/p>\n\n\n\n<p>In Bolu high security prison, 33 political prisoners continue to serve time despite having served their sentence because they have been arbitrarily refused release &#8211; in some cases for years.&nbsp;<\/p>\n\n\n\n<p>Cansu Karyemez, Women&#8217;s Secretary of E\u011fitim-Sen Branch No. 3, was suspended for giving a lecture on gender equality.&nbsp;<\/p>\n\n\n\n<p>Atat\u00fcrk Boulevard, which has the highest traffic density in K\u0131z\u0131lay neighbourhood in \u00c7ankaya district of Ankara, was closed to traffic as protests were expected to be held at night.&nbsp;Turkey Today &#8211; 24.03.2025<\/p>\n\n\n\n<p>Turkey bombed the village Shakiro near Ain Issa in Northern Syria.&nbsp;<\/p>\n\n\n\n<p>9 lawyers, including \u00d6zkan Y\u00fccel, former Chair of Izmir Bar Association, are detained in house raids and at the police headquarters where they went to meet their detained clients.&nbsp;<\/p>\n\n\n\n<p>Several journalists covering the protests were detained in house raids in Istanbul and Izmir in the morning hours.&nbsp;<\/p>\n\n\n\n<p>It was announced that some metro and bus stops in K\u0131z\u0131lay and METU areas in Ankara will be closed.&nbsp;<\/p>\n\n\n\n<p>Istanbul Governorate announced that it has filed a criminal complaint against the members of the Newroz Organising Committee.<\/p>\n\n\n\n<p>Classes were boycotted in many universities against the arrest of Istanbul Mayor Ekrem Imamoglu. A racist group attacked students at Ankara University Cebeci Campus.&nbsp;&nbsp;<\/p>\n\n\n\n<p>&#8230;<\/p>\n\n\n\n<p><strong>Turkey Weekly 17 -23 March 2025<\/strong><\/p>\n\n\n\n<p><strong>Turkey Today &#8211; 23.03.2025<\/strong><\/p>\n\n\n\n<p>The Ministry of Interior announced that Istanbul Metropolitan Municipality Mayor Ekrem Imamoglu and Beylikd\u00fcz\u00fc Mayor Mehmet Murat \u00c7al\u0131k were suspended from office and a trustee was appointed to \u015ei\u015fli Municipality.&nbsp;<\/p>\n\n\n\n<p>\u0130stanbul Mayor Ekrem \u0130mamo\u011flu&#8217;s replacement will be elected by city council on 26 March.<\/p>\n\n\n\n<p>48 of 89 people detained through the investigation against Istanbul Metropolitan Municipality were arrested.<\/p>\n\n\n\n<p>A Turkish airstrike not far from the Ti\u015fr\u00een Dam has killed a Syrian Democratic Forces fighter and injured another.<\/p>\n\n\n\n<p>Hundreds of thousands of people attended the Newroz celebrations in \u0130stanbul.&nbsp;<\/p>\n\n\n\n<p>The Association of Contemporary Lawyers (\u00c7HD) announced that its X accounts were blocked.&nbsp;&nbsp;<\/p>\n\n\n\n<p>Turkey Today &#8211; 22.03.2025<\/p>\n\n\n\n<p>It was revealed that most of the accusations against Istanbul Metropolitan Mayor Ekrem \u0130mamo\u011flu and his advisor Murat Ongun were based on secret witness statements.&nbsp;&nbsp;<\/p>\n\n\n\n<p>Istanbul Governorate announced that the roads around the Istanbul Courthouse where Ekrem \u0130mamo\u011flu will testify are closed to traffic.&nbsp;<\/p>\n\n\n\n<p>The procedures of 12 students who were detained for protesting the operation against Istanbul Metropolitan Municipality have ended. They will be referred to the courthouse tomorrow.&nbsp;<\/p>\n\n\n\n<p>Saturday Mothers gathered at Galatasaray Square in week 1043 and asked for the perpetrators of Hasan Ocak, who was murdered under custody 30 years ago.&nbsp;&nbsp;<\/p>\n\n\n\n<p>Turkey Today &#8211; 21.03.2025<\/p>\n\n\n\n<p>In the lawsuit filed against the Istanbul Bar Association, the court ruled for the dismissal of bar association president \u0130brahim Kabo\u011flu and board members over statement on killed Kurdish journalists.<\/p>\n\n\n\n<p>\u0130stanbul Mayor Ekrem \u0130mamo\u011flu, who has been in custody as part of two ongoing investigations involving corruption and terrorism-related charges, is now the subject of a new probe concerning daycare centers run by the metropolitan municipality.<\/p>\n\n\n\n<p>CHP chair \u00d6zg\u00fcr \u00d6zel has announced that the party will hold an extraordinary congress on 6 April. The move comes amid concerns that the party leadership could be removed through legal action.<\/p>\n\n\n\n<p>Unrestricted access to major social media and messaging platforms in Turkey was restored early today, 42 hours after restrictions were imposed following \u0130mamo\u011flu&#8217;s detention.&nbsp;<\/p>\n\n\n\n<p>Interior Minister Ali Yerlikaya announced that 326 individuals, including 72 abroad, were identified on suspicion of &#8220;inciting the public to hatred and enmity&#8221; and &#8220;incitement to commit crimes&#8221; due to their posts about \u0130mamo\u011flu&#8217;s detention.<\/p>\n\n\n\n<p>Hundreds of thousands celebrated Newroz in Diyarbak\u0131r.&nbsp;<\/p>\n\n\n\n<p>Turkey Today &#8211; 20.03.2025<\/p>\n\n\n\n<p>Within the scope of the operation against Istanbul Metropolitan Municipality (IBB), the assets of Murat Ongun, Chairman of the Board of Directors of IBB Medya A.\u015e., were seized.&nbsp;<\/p>\n\n\n\n<p>DEM Party Co-Chairperson T\u00fclay Hatimo\u011fullar\u0131 and the accompanying delegation visited Istanbul Metropolitan Municipality regarding the detention of Ekrem \u0130mamo\u011flu.&nbsp;<\/p>\n\n\n\n<p>CHP Chair \u00d6zg\u00fcr \u00d6zel stated that they will be in Sara\u00e7hane again today to support Ekrem \u0130mamo\u011flu and called on all people in Istanbul to participate.&nbsp;<\/p>\n\n\n\n<p>Despite the ceasefire, Turkey&#8217;s attacks on the Kurdistan Region of Iraq continue.&nbsp;&nbsp;<\/p>\n\n\n\n<p>Newroz celebrations were held in many cities today with the participation of tens of thousands of people.&nbsp;<\/p>\n\n\n\n<p>Turkey Today &#8211; 19.03.2025<\/p>\n\n\n\n<p>&#8220;The judiciary does not take orders or instructions from anyone. Judicial rulings are binding for all, and there are no privileges before the law,&#8221; Tun\u00e7 asserted, criticizing public calls for protests and references to a &#8220;coup&#8221; targeting the oppositon.<\/p>\n\n\n\n<p>As \u0130stanbul Mayor Ekrem \u0130mamo\u011flu and more than 100 others were detained, Turkey has imposed widespread restrictions on social media and messaging platforms.<\/p>\n\n\n\n<p>As the raids were going on across the city, the \u0130stanbul Governor&#8217;s Office banned all public gatherings and demonstrations between Mar 19 and 23. It cited &#8220;protecting public order&#8221; and &#8220;preventing potentially provocative actions&#8221; as the reason for the ban.<\/p>\n\n\n\n<p>Addressing hundreds of thousands of people in Sara\u00e7hane, CHP Chairman \u00d6zg\u00fcr \u00d6zel called on them to stand up on Sunday and said, &#8220;I invite 86 million people to object, to raise their voices, to convince those next to them, to struggle, to stand up.&#8221;&nbsp;<\/p>\n\n\n\n<p>Turkey Today &#8211; 18.03.2025<\/p>\n\n\n\n<p>\u0130stanbul University has revoked the diploma of \u0130stanbul Mayor Ekrem \u0130mamo\u011flu, a move that could prevent him from running in Turkey\u2019s next presidential election scheduled for 2028. Under Turkish law, candidates for the presidency must hold at least a university degree.<\/p>\n\n\n\n<p>DEM Party Co-chair Tuncer Bak\u0131rhan said that they had applied to the Ministry of Justice to meet Abdullah \u00d6calan before Newroz.&nbsp;<\/p>\n\n\n\n<p>Lawyers reported that the wardens raided the wards in Van High Security Prison and beat the prisoners on the ground.&nbsp;<\/p>\n\n\n\n<p>Ece \u00dcner, a news anchor for Halk TV, was taken to the courthouse today for questioning after being summoned by prosecutors.<\/p>\n\n\n\n<p>Turkey Today &#8211; 17.03.2025<\/p>\n\n\n\n<p>DEM co-chairs Tuncer Bak\u0131rhan and T\u00fclay Hatimo\u011fullar\u0131 held talks in the Turkish parliament with representatives of the ruling AKP party and its coalition partner MHP.&nbsp;<\/p>\n\n\n\n<p>The Kurdish local politician Nezir Budak from the Democratic Regions Party was arrested in A\u011fr\u0131 on Monday on terror charges.&nbsp;<\/p>\n\n\n\n<p>Chris Den Hond, a Belgian journalist living in France, was deported from Istanbul where he travelled to follow Newroz.Stating that the attacks and pressures against them increased after Abdullah \u00d6calan&#8217;s call, prisoners in Silivri Type L Prison No 5 interpreted the attacks as provocations against the process.<\/p>\n\n\n\n<p>&#8230;<\/p>\n\n\n\n<p><\/p>\n\n\n\n<p><strong>Turkey Weekly 10 &#8211; 16 March 2025<\/strong><\/p>\n\n\n\n<p><strong>Turkey Today &#8211; 16.03.2025<\/strong><\/p>\n\n\n\n<p>Turkey continues to attack the Tishreen Dam area in Northern Syria. A wheat storage in Sirin was also destroyed.&nbsp;<\/p>\n\n\n\n<p>In a telephone conversation with US President Donald Trump, President Erdo\u011fan asked for the finalisation of the F-16 procurement process.&nbsp;<\/p>\n\n\n\n<p>Cemil Bay\u0131k, Co-President of the KCK Executive Council stated that &#8220;Abdullah \u00d6calan&#8217;s call for an end to the armed struggle offers the entire region the chance of lasting change. However, the transformation of this call into a peace process depends on steps taken by Turkey.&#8221;&nbsp;<\/p>\n\n\n\n<p>Lawyer Esra Bilen stated that Bilge Aksu, one of the imprisoned journalists, has a recurrence of gout and Mehmet U\u00e7ar has been subjected to various violations.<\/p>\n\n\n\n<p>Turkey Today &#8211; 15.03.2025<\/p>\n\n\n\n<p>Pervin Buldan, a member of the \u0130mral\u0131 Delegation, stated in a TV programme that Erdo\u011fan suggested to S\u0131rr\u0131 S\u00fcreyya \u00d6nder to hold the meeting with him after the Eid and said &#8220;We have some preparations&#8221;.&nbsp;<\/p>\n\n\n\n<p>IHD demanded the release of prisoners Mehmet Emin Vural and Abdulmenaf Ayta\u00e7 whose health conditions deteriorated.&nbsp;<\/p>\n\n\n\n<p>Saturday Mothers gathered at Galatasaray Square in week 1042 and demanded justice for Yusuf Eri\u015fti, who was arrested 34 years ago and never reappeared.&nbsp;<\/p>\n\n\n\n<p>Those who lost their lives in the massacres in Gazi and \u00dcmraniye on 12-15 March 1995, in which 22 people were murdered and hundreds of people were wounded, were commemorated.&nbsp;<\/p>\n\n\n\n<p>Turkey Today &#8211; 14.03.2025<\/p>\n\n\n\n<p>A court has acquitted 46 people who were detained during the Saturday Mothers\/People\u2019s 700th-week gathering in \u0130stanbul\u2019s Galatasaray Square in 2018. The defendants were charged with \u201cparticipating in unlawful meetings and marches and refusing to disperse despite warnings.\u201d<\/p>\n\n\n\n<p>Turkey will closely track how the recently signed agreement between the Syrian interim government and the Syrian Democratic Forces (SDF) plays out on the ground, a National Defense Ministry official has said.<\/p>\n\n\n\n<p>&#8220;If a process is to begin, ill prisoners must first be released,&#8221; said Mehmet \u015eerif Demir, member of the Central Council of the Turkish Medical Association.<\/p>\n\n\n\n<p>Businessperson Mehmet Cengiz, the owner of Cengiz Holding, has filed a criminal complaint against 26 journalists from the pro-opposition S\u00f6zc\u00fc newspaper, accusing them of various offenses related to their reporting on him and his company.<\/p>\n\n\n\n<p>Turkey Today &#8211; 13.03.2025<\/p>\n\n\n\n<p>Speaking about Abdullah \u00d6calan&#8217;s &#8220;Call for Peace and Democratic Society&#8221;, H\u00fcseyin K\u00fc\u00e7\u00fckbalaan, Co-chair of IHD, stated that the government must be respond to the call with a radical democracy package in order for the process to end in peace.&nbsp;<\/p>\n\n\n\n<p>Foreign Minister Hakan Fidan, Minister of National Defence Ya\u015far G\u00fcler and Head of National Intelligence Service Ibrahim Kal\u0131n went to Damascus.<\/p>\n\n\n\n<p>Turkey once again shelled the area around the Tishrin Dam and villages in Sirrin city.&nbsp;<\/p>\n\n\n\n<p>An analysis of website traffic shows that conglomerate and pro-government media benefit significantly more from Google searches and its News app than independent outlets.&nbsp;<\/p>\n\n\n\n<p>Turkey Today &#8211; 12.03.2025<\/p>\n\n\n\n<p>Halise Aksoy, to whom the body of her son Agit Ipek was delivered in a postal package, was sentenced to prison solely on the basis of witness statements, although the Supreme Court prohibits such practices.&nbsp;<\/p>\n\n\n\n<p>DEM Party \u0130mral\u0131 Delegation requested an appointment with President Erdo\u011fan.<\/p>\n\n\n\n<p>Turkish warplanes bombed the village of Xeseq in Sir\u00een in Northern Syria.&nbsp;<\/p>\n\n\n\n<p>It was stated that Istanbul Mayor Erem \u0130mamo\u011flu was not given a hall in Erzincan after Kastamonu and Trabzon.<\/p>\n\n\n\n<p>bianet\u2019s Diyarbak\u0131r correspondent Evrim Deniz has filed a criminal complaint after facing online harassment over a photograph she shared on Women&#8217;s Day. The photo featured a protest sign condemning discrimination, violence, and harassment against LGBTI+s.<\/p>\n\n\n\n<p>Turkey Today &#8211; 11.03.2025<\/p>\n\n\n\n<p>Proceedings for lifting the immunity of 9 MPs, including DEM Party and CHP MPs, were sent to the Parliament.<\/p>\n\n\n\n<p>Yesterday, President Erdo\u011fan said that Turkey was advising Syrian authorities to help ease tensions and welcomed interim Syrian President Ahmed al-Sharaa&#8217;s commitment to punishing those who acted outside the law.<\/p>\n\n\n\n<p>CHP Chairman \u00d6zg\u00fcr \u00d6zel said about the agreement between the QSD and the Syrian interim government, &#8220;We find it right to support the interim government in a way to protect the territorial integrity of Syria. We follow it with cautious optimism.&#8221;&nbsp;<\/p>\n\n\n\n<p>Berkin Elvan, who was shot in the head with a gas canister fired by the police during the Gezi resistance, was commemorated at his grave on the 11th anniversary of his death.&nbsp;<\/p>\n\n\n\n<p>Turkey Today &#8211; 10.03.2025<\/p>\n\n\n\n<p>Yesterday MHP chair Devlet Bah\u00e7eli issued a statement on the PKK\u2019s ceasefire announcement, calling it &#8220;neither correct, nor balanced, nor appropriate.&#8221; He insisted that the group must &#8220;lay down arms immediately and unconditionally&#8221; and &#8220;hand over its bloody weapons to the Republic of Turkey.&#8221;<\/p>\n\n\n\n<p>An Istanbul court has accepted the indictment seeking up to five years and three months in prison for top business group T\u00dcS\u0130AD\u2019s President Orhan Turan and executive \u00d6mer Aras on the charge of &#8220;publicly spreading misleading information.&#8221;<\/p>\n\n\n\n<p>Evrim Deniz, bianet correspondent in Diyarbak\u0131r, has been faced online threats and harassment after sharing a photo from a Women\u2019s Day rally in the city.Human rights defencers say the first step in the new process must be the release of ill prisoners.&nbsp;<\/p>\n\n\n\n<p>&#8230;<\/p>\n\n\n\n<p><\/p>\n\n\n\n<p><strong>Turkey Weekly 3 -8 March 2025<\/strong><\/p>\n\n\n\n<p><strong>Turkey Today &#8211; 08.03.2025<\/strong><\/p>\n\n\n\n<p>Authorities in Istanbul&#8217;s Beyo\u011flu district banned all events, citing public order concerns ahead of the Feminist Night March planned in Taksim.&nbsp;<\/p>\n\n\n\n<p>Thousands gathered in Istanbul for feminist night march. As demonstrators began to leave the march at the end through a police corridor, several women were surrounded by security forces. Many were handcuffed and taken into custody.&nbsp;&nbsp;<\/p>\n\n\n\n<p>Prosecutors have sought up to 15 years in prison for ten municipal officials, accusing them of PKK ties.<\/p>\n\n\n\n<p>Saturday Mothers gathered for 1041st time at Istanbul\u2019s Galatasaray Square and sought justice for Ali I\u015f\u0131k who was forcibly disappeared under custody.<\/p>\n\n\n\n<p>Turkey Today &#8211; 07.03.2025<\/p>\n\n\n\n<p>The indictment against CHP Esenyurt Mayor Ahmet \u00d6zer, who was replaced by a trustee, was accepted.<\/p>\n\n\n\n<p>Turkey backed SNA forces continue its attacks around the Tishreen Dam in northern Syria.&nbsp;<\/p>\n\n\n\n<p>IHD Van Branch Co-chair Mehmet Salih Coskun said for the ongoing process on the Kurdish issue to proceed in a healthy way, the Anti-Terror Law must be amended and the ECtHR&#8217;s &#8220;right to hope&#8221; ruling for Abdullah \u00d6calan must be implemented.<\/p>\n\n\n\n<p>In a recent parliamentary committee meeting, deputy chair of Turkey&#8217;s media watchdog, RT\u00dcK, announced, &#8220;We have declared 2025 as the year of combating LGBT.&#8221;&nbsp;<\/p>\n\n\n\n<p>Turkey Today &#8211; 06.03.2025<\/p>\n\n\n\n<p>Dumlu High Security Prison No. 2 found many books &#8220;objectionable&#8221; even though there was no recall order against them.&nbsp;<\/p>\n\n\n\n<p>Turkey continue its military operations targeting the Kurdistan Region of Iraq despite the call of Abdullah \u00d6calan.&nbsp;<\/p>\n\n\n\n<p>Iran and Turkey summoned each other\u2019s envoys after Turkish Foreign Minister Hakan Fidan warned Tehran against destabilizing Syria, calling its reliance on militias \u201cdangerous.\u201d<\/p>\n\n\n\n<p>The parliament has approved the first 13 articles of a cybersecurity bill that allows home searches with post-search approval.&nbsp;<\/p>\n\n\n\n<p>A source from Turkey\u2019s Defense Ministry told Reuters that Turkey could take part in a potential peacekeeping mission in Ukraine.<\/p>\n\n\n\n<p>Turkey Today &#8211; 05.03.2025<\/p>\n\n\n\n<p>In Turkey, 30 left-wing trade union members have been arrested on suspicion of terrorism. The umbrella organisation KESK has criticised the arrests as intimidation aimed at suppressing industrial action.&nbsp;<\/p>\n\n\n\n<p>Edirne Governor Yunus Sezer has said that Turkey began constructing an 8.5-kilometer wall on the Greek border as part of the first &#8220;physical security measures&#8221; on the western border.<\/p>\n\n\n\n<p>Kurdish writers Mevl\u00fct Ayko\u00e7, Sami Tan and Ronayi \u00d6nen were detained on the grounds of Hinker, a banned Kurdish education book written in 2010.<\/p>\n\n\n\n<p>DEM Party Co-Chairs Tuncer Bak\u0131rhan and Tulay Hatimo\u011fullar\u0131 will visit CHP on 10 March.<\/p>\n\n\n\n<p>Turkey Today &#8211; 04.03.2025<\/p>\n\n\n\n<p>\u0130stanbul Bar Association President \u0130brahim Kabo\u011flu and several board members appeared in court today over a statement they issued regarding the killing of journalists Naz\u0131m Da\u015ftan and Cihan Bilgin in northern Syria.<\/p>\n\n\n\n<p>The Ministry of Interior announced that arrested Beykoz District Municipality in Istanbul Mayor Alaatting K\u00f6seler has been dismissed from office.&nbsp;<\/p>\n\n\n\n<p>Former Evrensel newspaper Managing Editor Gorkem Kinaci and newspaper owner Kursat Yilmaz were sentenced to 10 months in prison each for &#8220;slander&#8221;.<\/p>\n\n\n\n<p>A Turkish court on March 4 acquitted five broadcasters from the opposition Halk TV channel, regarding their coverage of a phone call with expert witness S.B.&nbsp;after Istanbul&#8217;s mayor raised allegations.&nbsp;<\/p>\n\n\n\n<p>Turkey Today &#8211; 03.03.2025The Turkish army and its allies continue to bombard populated areas South of Kobane&nbsp;intensively.<\/p>\n\n\n\n<p>DEM Party spokesperson Ay\u015feg\u00fcl Do\u011fan, after three days of internal discussions, shared the party\u2019s commitment to peace and democratic dialogue, emphasising their readiness to take action in response to the recent call by Abdullah \u00d6calan.&nbsp;<\/p>\n\n\n\n<p>MHP Chair Devlet Bah\u00e7eli called Tuncer Bak\u0131rhan, Pervin Buldan, S\u0131rr\u0131 S\u00fcreyya \u00d6nder and Ahmet T\u00fcrk, who were part of the \u0130mral\u0131 Delegation, separately after the meeting with Abdullah \u00d6calan.<\/p>\n\n\n\n<p>An operation was organised by the Financial Crimes Police against Istanbul Medya A\u015e, a subsidiary of Istanbul Metropolitan Municipality, on the grounds of tenders.<\/p>\n\n\n\n<p>The arrest requests for O\u011fuzhan Y\u00fccesoy, the defendant in the rape case of a 15-year-old child in \u015eirnak, who was the governor&#8217;s bodyguard, were rejected.<\/p>\n\n\n\n<p>DEM Party submitted a bill to the Parliament to declare 8 March International Women&#8217;s Day as an official holiday.&nbsp;<\/p>\n\n\n\n<p><\/p>\n","protected":false},"excerpt":{"rendered":"<p>Turkey Today &#8211; 31.03.2025\u00a0 Kurdish Political Leader Abdullah \u00d6calan met with family members on the occasion of Eid al-Fitr, marking a rare visit permitted at \u0130mral\u0131 Island Prison. Three other prisoners on the island were also allowed family visits. The&hellip; <a href=\"http:\/\/eutcc.net\/?page_id=2000\" class=\"more-link\">Continue reading <span class=\"meta-nav\">&rarr;<\/span><\/a><\/p>\n","protected":false},"author":1,"featured_media":0,"parent":0,"menu_order":0,"comment_status":"closed","ping_status":"closed","template":"","meta":{"footnotes":""},"class_list":["post-2000","page","type-page","status-publish","hentry"],"_links":{"self":[{"href":"http:\/\/eutcc.net\/index.php?rest_route=\/wp\/v2\/pages\/2000","targetHints":{"allow":["GET"]}}],"collection":[{"href":"http:\/\/eutcc.net\/index.php?rest_route=\/wp\/v2\/pages"}],"about":[{"href":"http:\/\/eutcc.net\/index.php?rest_route=\/wp\/v2\/types\/page"}],"author":[{"embeddable":true,"href":"http:\/\/eutcc.net\/index.php?rest_route=\/wp\/v2\/users\/1"}],"replies":[{"embeddable":true,"href":"http:\/\/eutcc.net\/index.php?rest_route=%2Fwp%2Fv2%2Fcomments&post=2000"}],"version-history":[{"count":2,"href":"http:\/\/eutcc.net\/index.php?rest_route=\/wp\/v2\/pages\/2000\/revisions"}],"predecessor-version":[{"id":2008,"href":"http:\/\/eutcc.net\/index.php?rest_route=\/wp\/v2\/pages\/2000\/revisions\/2008"}],"wp:attachment":[{"href":"http:\/\/eutcc.net\/index.php?rest_route=%2Fwp%2Fv2%2Fmedia&parent=2000"}],"curies":[{"name":"wp","href":"https:\/\/api.w.org\/{rel}","templated":true}]}}