{"id":2009,"date":"2025-04-08T16:20:59","date_gmt":"2025-04-08T14:20:59","guid":{"rendered":"http:\/\/eutcc.net\/?page_id=2009"},"modified":"2025-05-04T22:39:09","modified_gmt":"2025-05-04T20:39:09","slug":"april-2025","status":"publish","type":"page","link":"http:\/\/eutcc.net\/?page_id=2009","title":{"rendered":"April 2025"},"content":{"rendered":"\n<p><strong>Turkey Weekly 28 &#8211; 30 April 2025<\/strong><\/p>\n\n\n\n<p><strong>Turkey Today &#8211; 30.04.2025<\/strong><\/p>\n\n\n\n<p>18 of 52 people detained in the second operation against Istanbul Metropolitan Municipality on 26 April were arrested.<\/p>\n\n\n\n<p>Lawyers of Asrin Law Office applied to the Bursa Chief Public Prosecutor&#8217;s Office to meet their client Abdullah \u00d6calan.&nbsp;<\/p>\n\n\n\n<p>The first hearing in the case against Swedish journalist Joakim Medin on charges of \u201cinsulting the President\u201d was held in Ankara. judge has announced the verdict: Joakim Medin has been sentenced to 11 months and 7 days in prison. The sentence was suspended, and he will be released.<\/p>\n\n\n\n<p>In \u0130zmir, police raided several houses simultaneously in the morning hours. Many people were detained.&nbsp;<\/p>\n\n\n\n<p>Two hotel managers were detained today in connection with a corruption investigation involving suspended \u0130stanbul Metropolitan Mayor Ekrem \u0130mamo\u011flu. The detentions relate to the covering of security cameras ahead of a meeting \u0130mamo\u011flu held at Le M\u00e9ridien Hotel.&nbsp;<\/p>\n\n\n\n<p>Turkey Today &#8211; 29.04.2025<\/p>\n\n\n\n<p>Many houses were raided in Istanbul before the May Day Labour Day celebrations.&nbsp;It is stated that some detained people were subjected to violence.&nbsp;<\/p>\n\n\n\n<p>Izmir Bar Association warned that prisoners Sercan Ahmet Arslan and Mulla Zincir, who are on hunger strike demanding to be transferred, may lose their lives.<\/p>\n\n\n\n<p>Lawyer Eyy\u00fcp \u00c7atalo\u011flu, who was beaten at the police station in Konya, said that the camera recording of the moment he was beaten was \u2018cut\u2019 by the police officers and put into the file.<\/p>\n\n\n\n<p>The lawsuit filed against four police officers on charges of torture after the detention and beating of human rights defender lawyer O\u011fuzcan Ozan Kurt was held in Ankara. Trial adjourned until 21 May.&nbsp;<\/p>\n\n\n\n<p>The second hearing of the lawsuit filed against JINNEWS reporter Melek Avc\u0131 due to \u2018propaganda\u2019 based on her social media posts containing news content was held in Ankara. The court acquitted Avc\u0131.&nbsp;Turkey Today &#8211; 28.04.2025<\/p>\n\n\n\n<p>The Kurdistan Workers Party made a new statement on Abdullah \u00d6calan&#8217;s 27 February call and said, &#8220;We expect leader Abdullah \u00d6calan to be in a position to lead the party congress.&#8221;&nbsp;<\/p>\n\n\n\n<p>DEM Party Istanbul Co-Chair \u00c7\u0131nar Altan was sentenced to 2 years and 1 month on the charge of \u2018aiding an illegal organisation\u2019.<\/p>\n\n\n\n<p>Justice Initiative for Roboski stated that although 160 months have passed since the massacre, the perpetrators have not been put on trial and said: \u2018Roboski is the bloody memory of impunity and lawlessness\u2019.&nbsp;<\/p>\n\n\n\n<p>3 prisoners transferred to Erzincan High Security Prison were subjected to strip search, beating and ill-treatment.&nbsp;<\/p>\n\n\n\n<p><\/p>\n\n\n\n<p>&#8230;<\/p>\n\n\n\n<p><strong>Turkey Weekly 14 &#8211; 21 April 2025<\/strong><\/p>\n\n\n\n<p><strong>Turkey Today &#8211; 21.04.2025<\/strong><\/p>\n\n\n\n<p>Rojhat Burakmak, held in Diyarbak\u0131r High Security Closed Prison No 2, died under suspicious circumstances.<\/p>\n\n\n\n<p>Civan Boltan, a seriously ill prisoner in Bolu who is blind in one eye, missing an arm and has shrapnel in his brain, is not being released despite the &#8220;violation&#8221; judgement of the ECHR.&nbsp;<\/p>\n\n\n\n<p>Doctors made a statement regarding the health condition of S\u0131rr\u0131 S\u00fcreyya \u00d6nder, DEM Party Parliamentary Deputy Chair and member of the \u0130mral\u0131 Delegation, who is being treated in intensive care at Florence Nightingale Hospital in Istanbul, and said that his life is still in danger.&nbsp;<\/p>\n\n\n\n<p>DEM Party Van MP G\u00fclderen Varl\u0131 submitted a research motion to the Parliament to prevent the increasing number of suicides, which is also on the agenda of the World Health Organisation.&nbsp;<\/p>\n\n\n\n<p>It was stated that 3 village guards were wounded in an explosion in Xakurke area of the Kurdistan Region of Iraq yesterday. The explosion occurred while the village guards were working on the construction of a military tower and wall.<\/p>\n\n\n\n<p><strong>Turkey Today &#8211; 20.04.2025<\/strong><\/p>\n\n\n\n<p>DEM Party Organization building in Seyhan district of Adana was attacked. The signboard of the party was damaged in the attack.&nbsp;<\/p>\n\n\n\n<p>DEM Party stated that the meeting with Justice Minister Y\u0131lmaz Tun\u00e7 postponed due to the illness of S\u0131rr\u0131 S\u00fcreyya \u00d6nder will be held by the group deputy chairpersons.&nbsp;<\/p>\n\n\n\n<p>Manager Ay\u015fe Bar\u0131m, who was arrested in the Gezi protests investigation, collapsed and was hospitalised.<\/p>\n\n\n\n<p><strong>Turkey Today &#8211; 19.04.2025<\/strong><\/p>\n\n\n\n<p>YNK Chairman Bafil Talabani announced that the PKK congress could not be convened due to Turkish attacks.<\/p>\n\n\n\n<p>The detention of Istanbul \u015ei\u015fli Mayor Resul Emrah \u015eahan on 19 March and the appointment of a trustee was protested on the first month of his detention.<\/p>\n\n\n\n<p>Students who came together in the first month of the operation against Istanbul Mayor Ekrem \u0130mamo\u011flu and wanted to march to Sara\u00e7hane were blockaded. Journalists following the protest were also prevented.<\/p>\n\n\n\n<p>President Erdo\u011fan defended the controversial banner \u2018Natural is normal birth\u2019 unfurled by Sivasspor, calling it a \u2018problem of survival\u2019.<\/p>\n\n\n\n<p>Turkey Today &#8211; 18.04.2025<\/p>\n\n\n\n<p>5 people including Be\u015fikta\u015f Deputy Mayor Ali R\u0131za Y\u0131lmaz were arrested.<\/p>\n\n\n\n<p>The hearing of the lawsuit filed against the appointment of a trustee to Bah\u00e7esaray Municipality was held today. The court is expected to make a decision in the coming days.<\/p>\n\n\n\n<p>The Turkish Medical Association sent a letter to the Ministries of Health, Justice and Interior and stated: &#8220;Most of the transfers to hospitals are made by ring vehicles. Necessary work should be carried out to ensure that prisoners are transferred to hospitals under appropriate conditions&#8221;.<\/p>\n\n\n\n<p>Handelsblatt newspaper wrote that the German government blocked the sale of Eurofighter fighter jets to Turkey due to the arrest of Imamoglu.<\/p>\n\n\n\n<p>B\u00fclent \u015e\u0131k, a food engineer and a researcher on trial for sharing the Health Ministry&#8217;s cancer data with the public, has been acquitted after six years.<\/p>\n\n\n\n<p>Turkey Today &#8211; 17.04.2025<\/p>\n\n\n\n<p>Selcuk Kozagacali, Honorary Chair of Contemporary Lawyers Association (\u00c7HD), was arrested 24 hours after his release from prison.&nbsp;<\/p>\n\n\n\n<p>Cizre Co-Mayor G\u00fcler Yerbasan Tun\u00e7 was sentenced to 1 year and 3 months in prison.<\/p>\n\n\n\n<p>Mehmet Emin Cam, a seriously ill prisoner, had a heart attack in Batman prison. Cam was hospitalised and taken under treatment in the intensive care unit.<\/p>\n\n\n\n<p>Deputy President Cevdet Y\u0131lmaz visited the hospital where S\u0131rr\u0131 S\u00fcreyya \u00d6nder was hospitalised and said, &#8220;This process will continue. There is no disruption there&#8221;.<\/p>\n\n\n\n<p>Erzurum Dumlu Prison No 2 director allegedly raided the wards and threatened the prisoners by saying \u2018We know what we will do to you once this solution process ends\u2019.<\/p>\n\n\n\n<p>Turkey Today &#8211; 16.04.2025<\/p>\n\n\n\n<p>The Supreme Election Board (YSK) rejected the application for the cancellation of the CHP&#8217;s congress.&nbsp;<\/p>\n\n\n\n<p>S\u0131rr\u0131 S\u00fcreyya \u00d6nder, President of the Parliament and member of DEM Party \u0130mral\u0131 Delegation, was taken to intensive care after an operation lasting about 12 hours. It was announced that \u00d6nder&#8217;s life-threatening condition continues.<\/p>\n\n\n\n<p>It has been revealed that the police officer who murdered Nihat Kazanhan (12) in 2015 and for whom there is an arrest warrant with a red notice was in Turkey according to HTS records and yet he was not caught.&nbsp;<\/p>\n\n\n\n<p>Journalist Derya Ren, who was detained \u2018on reasonable suspicion\u2019 and subjected to sexist insults, was charged with \u2018insulting\u2019 the police officers who detained her.&nbsp;<\/p>\n\n\n\n<p>The hearing of the case against Artuklu Co-Mayor Mehmet Ali Amak and some politicians was postponed.&nbsp;<\/p>\n\n\n\n<p>Journalist Welat Ekin who has been held in Marmara prison since 20 January was acquitted of &#8220;terrorist organization membership&#8221; during the first hearing of the case against him.&nbsp;<\/p>\n\n\n\n<p>Turkey Today &#8211; 15.04.2025<\/p>\n\n\n\n<p>The European Committee for the Prevention of Torture and Inhuman or Degrading Treatment or Punishment (CPT) carried out an ad hoc visit to Turkey from 7 to 11 April 2025. It did not visit \u0130mral\u0131 Prison Island.&nbsp;<\/p>\n\n\n\n<p>Making evaluations on the Kurdish issue, CHP Chair \u00d6zg\u00fcr \u00d6zel said, \u2018Come to the Parliament, bring it to the Parliament and make the Parliament work.\u2019<\/p>\n\n\n\n<p>The AKP, which has not put on the agenda the legislative proposals submitted by DTP, BDP, HDP, CHP and MHP for 23 years to declare Newroz an official holiday, submitted a legislative proposal to the Parliament upon Erdo\u011fan&#8217;s call.<\/p>\n\n\n\n<p>In the retrial of 2016 Diyarbak\u0131r Newroz Organising Committee members, 6 people were sentenced to sentences of up to 6 years and 3 months.<\/p>\n\n\n\n<p>MHP chair Devlet Bah\u00e7eli has called for an expedited judicial decision in the ongoing case against \u0130stanbul Mayor Ekrem \u0130mamo\u011flu, stating that the proceedings should quickly determine either acquittal or punishment.&nbsp;<\/p>\n\n\n\n<p>Turkey Today &#8211; 14.04.2025<\/p>\n\n\n\n<p>DEM Party \u0130mral\u0131 Delegation will meet with the Ministry of Justice on 18 April.<\/p>\n\n\n\n<p>Pointing out that the condition of Emin Alada\u011f, a seriously ill prisoner in Elaz\u0131\u011f High Security Prison No 1, is getting worse, \u0130HD Representative Office demanded his immediate release.&nbsp;<\/p>\n\n\n\n<p>The appeal against the detention of Istanbul Metropolitan Municipality Mayor Ekrem \u0130mamo\u011flu and his press advisor Murat Ongun was rejected.&nbsp;<\/p>\n\n\n\n<p>3 more people arrested in \u0130mamo\u011flu protests were released. The court also lifted all judicial control conditions on the youth.<\/p>\n\n\n\n<p>The 8th hearing in the trial of Hayri Demir on &#8220;membership&#8221; charges was held in Ankara. Demir was sentenced to 2 years and 9 months in prison.&nbsp;<\/p>\n\n\n\n<p>The first hearing of the lawsuit filed against arrested journalist Necla Demir due to &#8220;illegal organisation membership&#8221; on the grounds of her professional activities was held in Istanbul. Demir was sentenced to 1 year and 3 months in prison.&nbsp;The court ruled for her release with a ban on leaving the country.<\/p>\n\n\n\n<p>&#8230;<\/p>\n\n\n\n<p><\/p>\n\n\n\n<p><strong>Turkey Weekly 7 &#8211; 12 April 2025<\/strong><\/p>\n\n\n\n<p><strong>Turkey Today &#8211; 12.04.2025<\/strong><\/p>\n\n\n\n<p>Justice Minister Y\u0131lmaz Tun\u00e7 said that 14 detainees who were arrested within the scope of the investigation against Istanbul Metropolitan Municipality on 19 March and who were in Marmara Penal Execution Institutions were transferred to different prisons.&nbsp;<\/p>\n\n\n\n<p>In Konak district of Izmir, a citizen was beaten by traffic police officers for allegedly fleeing from a traffic stop.&nbsp;<\/p>\n\n\n\n<p>The Education and Science Workers&#8217; Union (E\u011fitim Sen) organised a workshop in Diyarbak\u0131r entitled &#8220;Towards a solution in mother tongue education: Possibilities, obstacles, suggestions&#8221;.&nbsp;<\/p>\n\n\n\n<p>Writer Mehmet Serhat Polatsoy, who was imprisoned for a period of time on the grounds of a &#8220;bomb sack&#8221;, was sentenced to 7 years and 6 months in prison on the grounds of a digital &#8220;report&#8221; found on a person outside during his imprisonment.&nbsp;<\/p>\n\n\n\n<p><strong>Turkey Today &#8211; 11.04.2025<\/strong><\/p>\n\n\n\n<p>Serhat \u00c7akmak, Co-Chair of the Association of Lawyers for Freedom, stated that they will notify the Committee of Ministers of the Council of Europe if the &#8220;right to hope&#8221; is not implemented. \u00c7akmak stated that they are also preparing a collective application to the Parliament.&nbsp;<\/p>\n\n\n\n<p>HPG announced that Turkey&#8217;s attacks on the Kurdistan Region of Iraq continued despite the ceasefire and that 2 of their members lost their lives in a drone attack.&nbsp;<\/p>\n\n\n\n<p>The General Directorate of Security (EGM) accused those who shared the allegation of &#8220;torture and strip search in detention&#8221; on its official website of &#8220;slander&#8221; and announced that they filed a criminal complaint against them under the &#8220;disinformation law&#8221;.&nbsp;<\/p>\n\n\n\n<p>Saturday Mothers gathered at Galatasaray Square in week 1046.&nbsp;The police allowed only 10 people to attend the meeting.&nbsp;&nbsp;<\/p>\n\n\n\n<p><strong>Turkey Today &#8211; 11.04.2025<\/strong><\/p>\n\n\n\n<p>\u015e\u0131rnak Governorate once again banned access to 11 regions for 15 days.<\/p>\n\n\n\n<p>The trustee of Van Metropolitan Municipality asked Edremit Municipality to evacuate \u015eamiran Women&#8217;s Life Centre.&nbsp;<\/p>\n\n\n\n<p>Seriously ill prisoner Mehmet Emin \u00c7am, who was found to have a brain tumour, had heart and cataract surgery, two kidney suregeries and is paralysedon his left side, was hospitalised after his condition deteriorated.&nbsp;<\/p>\n\n\n\n<p>A lawsuit filed against 14 people, including 10 journalists, for protesting in \u015ei\u015fhane for journalists Naz\u0131m Da\u015ftan and Cihan Bilgin, who were killed while following news reports in Syria, appeared before the judge for the first time today.<\/p>\n\n\n\n<p>Journalists Timur Soykan and Murat Agirel were released with judicial control and a ban on leaving the country.&nbsp;<\/p>\n\n\n\n<p>MHP chair Devlet Bah\u00e7eli welcomed the meeting between President Erdo\u011fan and members of the \u0130mral\u0131 delegation.&nbsp;<\/p>\n\n\n\n<p><strong>Turkey Today &#8211; 10.04.2025<\/strong><\/p>\n\n\n\n<p>President Erdo\u011fan met with DEM Party Imrali delegation members Pervin Buldan and S\u0131rr\u0131 S\u00fcreyya \u00d6nder. MIT chief \u0130brahim Kal\u0131n and AKP deputy chairman Efkan Ala also attended the meeting.&nbsp;<\/p>\n\n\n\n<p>Journalists Timur Soykan and Murat A\u011f\u0131rel were detained in house raids following a complaint filed by suspects in a money laundering investigation, who allege that the journalists threatened and blackmailed them.<\/p>\n\n\n\n<p>An \u0130stanbul court has ordered the release of 102 young detainees who had been arrested during protests following the detention of \u0130stanbul Metropolitan Mayor Ekrem \u0130mamo\u011flu.&nbsp;<\/p>\n\n\n\n<p>The fifth hearing of the trial of director Kaz\u0131m \u00d6z who is facing charges of &#8220;making illegal organisation propaganda&#8221; was held in Istanbul. \u00d6z was acquitted.&nbsp;<\/p>\n\n\n\n<p>The second hearing of the trial of Xwebun newspaper columnist Mehmet \u015eahin was held in Diyarbak\u0131r. Trial adjourned until June.&nbsp;<\/p>\n\n\n\n<p><strong>Turkey Today &#8211; 09.04.2025<\/strong><\/p>\n\n\n\n<p>The parents of Berkin Elvan, who was shot dead by the police during the Gezi resistance in 2013, were sentenced in the lawsuit filed against them due to &#8220;insulting the President&#8221; to prison.&nbsp;<\/p>\n\n\n\n<p>Mahir Polat, Deputy Secretary General of Istanbul Metropolitan Municipality, was ordered to be under house arrest in order to continue his treatment outside the prison due to his health problems.&nbsp;<\/p>\n\n\n\n<p>A lawsuit was filed against 7 journalists who followed the protests in Istanbul. The indictment stated that &#8220;no determination was made that they were carrying out journalistic activities at the scene&#8221;.&nbsp;<\/p>\n\n\n\n<p>An indicment has been prepared against arrested Istanbul Bar Association Executive Board Member F\u0131rat Ep\u00f6zdemir, demanding a prison sentence of up to 15 years.&nbsp;<\/p>\n\n\n\n<p>Ill prisoners Suat Oguz and Mehmet Tiryaki, who objected to the imposition of mouth searches, have been banned to visits for 3 months.&nbsp;<\/p>\n\n\n\n<p><strong>Turkey Today &#8211; 08.04.2025<\/strong><\/p>\n\n\n\n<p>The \u0130stanbul Chief Public Prosecutor\u2019s Office has filed an indictment against 139 individuals arrested following a protest against \u0130mamo\u011flu&#8217;s detention seeking up to 3 years in prison.&nbsp;<\/p>\n\n\n\n<p>The Journalists\u2019 Union of Turkey (TGS) has been denied permission to visit journalist Elif Akg\u00fcl, who was detained on 18 February in connection with an investigation into the Peoples\u2019 Democratic Congress (HDK).&nbsp;&nbsp;<\/p>\n\n\n\n<p>President Erdo\u011fan has filed a civil lawsuit seeking 500,000 Turkish liras (~131,000 US dollars) in damages against CHP Chair \u00d6zg\u00fcr \u00d6zel, citing his use of the term \u201cjunta leader\u201d during a recent political speech.<\/p>\n\n\n\n<p>Van Metropolitan Municipality under the trustee administration has expelled a large number of children from Perperok Kindergarten on the grounds of &#8220;non-payment of wages&#8221;.&nbsp;<\/p>\n\n\n\n<p><strong>Turkey Today &#8211; 07.04.2025<\/strong><\/p>\n\n\n\n<p>Minister of Justice Y\u0131lmaz Tun\u00e7 has spoken about the strip search imposed on university students arrested for protesting against the operation against Istanbul Metropolitan Municipality, &#8220;It is absolutely out of the question in our country&#8221; he claimed.&nbsp;<\/p>\n\n\n\n<p>Lawyers from \u00d6HD, \u0130HD, \u00c7HD and As\u0131n Law Office made a statement on the health condition of ill prisoner Soydan Akay: &#8220;Soydan Akay is officially being dragged to death by not being released in his current condition.&#8221; Akay suffers from cancer.&nbsp;<\/p>\n\n\n\n<p>Bolu Mayor Tanju \u00d6zcan (CHP) has come under criticism for making derogatory remarks targeting Armenians. In a social media post he referred to Abdullah \u00d6calan as \u201cArmenian\u201d.&nbsp;<\/p>\n\n\n\n<p>Labour Party General Executive Board member Eren \u00d6ner was detained at the courthouse where he went to testify.&nbsp;<\/p>\n\n\n\n<p>&#8230;<\/p>\n\n\n\n<p><strong>Turkey Today &#8211; 06.04.2025<\/strong>&nbsp;<\/p>\n\n\n\n<p>Dicle F\u0131rat Journalists&#8217; Association (DFG) made a statement on the occasion of 6 April Murdered Journalists Day and reminded that 15 journalists were murdered in the las 5 years.&nbsp;<\/p>\n\n\n\n<p>\u00d6zg\u00fcr \u00d6zel was re-elected as the chair at the CHP&#8217;s 21st Extraordinary Congress.&nbsp;<\/p>\n\n\n\n<p>&#8220;Tayyip Erdo\u011fan has turned into a junta president who targets those who receive the support of the people, he no longer has legitimacy,&#8221; CHP Chair \u00d6zg\u00fcr \u00d6zel said.&nbsp;<\/p>\n\n\n\n<p>Hundreds of skulls and bones belonging to human beings were unearthed in a shelter accessed through a secret passage of a church in the Assyrian village of Arbo in Mardin&#8217;s Nusaybin district.&nbsp;<\/p>\n\n\n\n<p><strong>Turkey Today &#8211; 05.04.2025&nbsp;<\/strong><\/p>\n\n\n\n<p>In an interview with Reuters news agency in Brussels, where he travelled for the NATO foreign ministers&#8217; summit, Foreign Minister Hakan Fidan said Israel&#8217;s actions in Syria paved the way for future instability. Fidan also said that they did not want the US to launch an attack on Iran.&nbsp;<\/p>\n\n\n\n<p>Turkey is planning to introduce new regulations that would significantly expand the internet authority&#8217;s powers to restrict access to social media platforms without a court order.&nbsp;<\/p>\n\n\n\n<p>Saturday Mothers gathered at Galatasaray Square in week 1045 and asked for the fate of Talat T\u00fcrko\u011flu, who has not been heard from since 1 April 1996.&nbsp;<\/p>\n\n\n\n<p><strong>Turkey Today &#8211; 04.04.2025<\/strong>&nbsp;<\/p>\n\n\n\n<p>Mahir Polat, an \u0130stanbul municipal executive detained as part of recent investigations targeting Mayor \u0130mamo\u011flu, has been hospitalized for the third time since 23 March. His lawyer says he is at risk of a brain hemorrhage.<\/p>\n\n\n\n<p>\u015e\u0131rnak Chief Public Prosecutor, who deemed the song &#8220;\u015eervano&#8221; &#8220;dangerous&#8221;, demanded that the artist Umut Botan, who sang the song, be punished for &#8220;terrorist organization propaganda&#8221;.<\/p>\n\n\n\n<p>Antalya Muratpa\u015fa Mayor \u00dcmit Uysal announced that he is a candidate for CHP Chairperson.&nbsp;<\/p>\n\n\n\n<p>MHP Chair Devlet Bah\u00e7eli appeared in public for the first time in 66 days, putting to rest unfounded rumors of his death.<\/p>\n\n\n\n<p><strong>Turkey Today &#8211; 03.04.2025<\/strong>&nbsp;<\/p>\n\n\n\n<p>The Turkish Medical Association announced that the deprivation of health rights of many sick prisoners among those arrested in the \u0130mamo\u011flu protests is a criminal offence.&nbsp;<\/p>\n\n\n\n<p>In Trabzon, a knife attack was organised against the &#8216;Freedom for \u0130mamo\u011flu&#8217; stand, which was set up to demand the release of Ekrem \u0130mamo\u011flu, the mayor of Istanbul, and early elections. One person was injured in the attack.&nbsp;<\/p>\n\n\n\n<p>The Media Freedom Rapid Response (MFRR) partners strongly condemn the arrest of Swedish journalist Joakim Medin on terrorism charges in Turkey and call for his immediate release.&nbsp;<\/p>\n\n\n\n<p>Gendarmerie stopped the mass marching to Halfeti district of Urfa for the 76th birthday of PKK leader Abdullah \u00d6calan at the entrance of the district.<\/p>\n\n\n\n<p>Prisoners in K\u0131r\u015fehir High Security Prison were banned from family visits for 4 months due to the &#8220;food&#8221; protest and 20 months due to the &#8220;pressure and attack&#8221; protests.<\/p>\n\n\n\n<p>16 people were detained in Istanbul for calling for &#8220;April 2 consumption boycott&#8221; on social media.<\/p>\n\n\n\n<p><strong>Turkey Today &#8211; 02.04.2025<\/strong>&nbsp;<\/p>\n\n\n\n<p>The European Commission cancelled its participation in the Antalya Diplomacy Forum, while European Commissioner for Enlargement Marta Kos said she has cancelled a meeting with Turkish Foreign Minister Hakan Fidan.<\/p>\n\n\n\n<p>Minister of Interior Ali Yerlikaya, in his &#8220;boycott&#8221; statement, evaluated the calls as a coup attempt against the economy.&nbsp;<\/p>\n\n\n\n<p>Facebook&#8217;s main company Meta has been fined for failing to fulfil a Turkish request to block accounts posting about the Ekrem \u0130mamo\u011flu protests.<\/p>\n\n\n\n<p>It was stated that the student, whose foot was run over by a TOMA during the protests in Ankara, will not be able to walk for 2 months.&nbsp;<\/p>\n\n\n\n<p>Journalist Bahad\u0131r \u00d6zg\u00fcr wrote that the Israel-based company Appsflyer, which is associated with the accusation of &#8216;selling personal data abroad&#8217; in the Istanbul Metropolitan Municipality operation, is supported by the Ministry of Trade.&nbsp;<\/p>\n\n\n\n<p>Media watchdog RT\u00dcK President Ebubekir \u015eahin targeted TV channels that broadcast &#8220;boycott&#8221; news and programmes, threatening them with the words &#8220;necessary action will be taken&#8221;.&nbsp;<\/p>\n\n\n\n<p>State broadcaster TRT has dismissed actress Ayb\u00fcke Pusat and pulled a completed series from its streaming platform after she publicly supported a nationwide boycott campaign led by the opposition.<\/p>\n\n\n\n<p><strong>Turkey Today &#8211; 01.04.2025&nbsp;<\/strong><\/p>\n\n\n\n<p>Minister of Justice Y\u0131lmaz Tun\u00e7 claimed that detainees in prisons were not subjected to torture and ill-treatment.&nbsp;&nbsp;<\/p>\n\n\n\n<p>MHP chair Devlet Bah\u00e7eli reminded the 15 July coup attempt and said, &#8220;Be ready to pay the price!&#8221; regarding the Imamo\u011flu protests.&nbsp;<\/p>\n\n\n\n<p>University students announced that they will launch an economic boycott campaign on 2 April, saying &#8220;We are using our economic power and taking a one-day break from consumption after the feast&#8221;.&nbsp;<\/p>\n\n\n\n<p>&#8230;<\/p>\n","protected":false},"excerpt":{"rendered":"<p>Turkey Weekly 28 &#8211; 30 April 2025 Turkey Today &#8211; 30.04.2025 18 of 52 people detained in the second operation against Istanbul Metropolitan Municipality on 26 April were arrested. Lawyers of Asrin Law Office applied to the Bursa Chief Public&hellip; <a href=\"http:\/\/eutcc.net\/?page_id=2009\" class=\"more-link\">Continue reading <span class=\"meta-nav\">&rarr;<\/span><\/a><\/p>\n","protected":false},"author":1,"featured_media":0,"parent":0,"menu_order":0,"comment_status":"closed","ping_status":"closed","template":"","meta":{"footnotes":""},"class_list":["post-2009","page","type-page","status-publish","hentry"],"_links":{"self":[{"href":"http:\/\/eutcc.net\/index.php?rest_route=\/wp\/v2\/pages\/2009","targetHints":{"allow":["GET"]}}],"collection":[{"href":"http:\/\/eutcc.net\/index.php?rest_route=\/wp\/v2\/pages"}],"about":[{"href":"http:\/\/eutcc.net\/index.php?rest_route=\/wp\/v2\/types\/page"}],"author":[{"embeddable":true,"href":"http:\/\/eutcc.net\/index.php?rest_route=\/wp\/v2\/users\/1"}],"replies":[{"embeddable":true,"href":"http:\/\/eutcc.net\/index.php?rest_route=%2Fwp%2Fv2%2Fcomments&post=2009"}],"version-history":[{"count":2,"href":"http:\/\/eutcc.net\/index.php?rest_route=\/wp\/v2\/pages\/2009\/revisions"}],"predecessor-version":[{"id":2024,"href":"http:\/\/eutcc.net\/index.php?rest_route=\/wp\/v2\/pages\/2009\/revisions\/2024"}],"wp:attachment":[{"href":"http:\/\/eutcc.net\/index.php?rest_route=%2Fwp%2Fv2%2Fmedia&parent=2009"}],"curies":[{"name":"wp","href":"https:\/\/api.w.org\/{rel}","templated":true}]}}