{"id":2217,"date":"2026-04-12T22:49:37","date_gmt":"2026-04-12T20:49:37","guid":{"rendered":"http:\/\/eutcc.net\/?page_id=2217"},"modified":"2026-04-12T22:49:37","modified_gmt":"2026-04-12T20:49:37","slug":"april-2026","status":"publish","type":"page","link":"http:\/\/eutcc.net\/?page_id=2217","title":{"rendered":"April 2026"},"content":{"rendered":"\n<p><strong>Turkey Weekly 1 &#8211; 5 April 2026<\/strong><\/p>\n\n\n\n<p><strong>Turkey Today &#8211; 05.04.2026<\/strong><\/p>\n\n\n\n<p>The \u2018e-Lawyer\u2019 scheme, introduced on the instructions of Justice Minister Ak\u0131n G\u00fcrlek, who sought to restrict detainees\u2019 right to consult with their lawyers, has been implemented.&nbsp;<\/p>\n\n\n\n<p>CHP chair \u00d6zg\u00fcr \u00d6zel will visit the DEM Party tomorrow to meet with Co-Chairs T\u00fclay Hatimo\u011fullar\u0131 and Tuncer Bak\u0131rhan.&nbsp;<\/p>\n\n\n\n<p>Former HDP MP Sebahat Tuncel was detained along with three others at a picnic organised in Istanbul to mark Abdullah \u00d6calan\u2019s birthday. A large number of people were beaten.&nbsp;<\/p>\n\n\n\n<p>Foreign Minister Hakan Fidan has paid a visit to Syria. Fidan, who was received by HTS Foreign Minister Shaybani, is also due to hold a trilateral meeting with Ukrainian President Zelenskyy and HTS leader Colani.<\/p>\n\n\n\n<p>Turkey Today &#8211; 04.04.2026<\/p>\n\n\n\n<p>Two siblings were injured as a result of a mine explosion in the rural \u015eabana neighborhood in Mardin&#8217;s Nusaybin district.<\/p>\n\n\n\n<p>As part of an investigation into Bolu Municipality, the gendarmerie have launched a search of the municipal building.<\/p>\n\n\n\n<p>Seda Baykan, imprisoned in Diyarbak\u0131r Women\u2019s Closed Prison, has begun a hunger strike, stating that she has been subjected to systematic pressure and solitary confinement for the past four years.<\/p>\n\n\n\n<p>Saturday Mothers gathered at Galatasaray Square in week 1097 and asked about the fate of Talat T\u00fcrko\u011flu, who disappeared in custody 30 years ago.&nbsp;<\/p>\n\n\n\n<p>Speaking on the CHP\u2019s call for early elections, DEM Party Co-Chair Tuncer Bak\u0131rhan stated that this demand was understandable.&nbsp;<\/p>\n\n\n\n<p>Residents in Bing\u00f6l organised a march to protest against the planned hydroelectric power plant projects on the G\u00f6yn\u00fck River and called for the projects to be cancelled.&nbsp;<\/p>\n\n\n\n<p>The Mesopotamia Agency\u2019s Bluesky account has been suspended.&nbsp;<\/p>\n\n\n\n<p>Turkey Today &#8211; 03.04.2026<\/p>\n\n\n\n<p>Justice Minister Ak\u0131n G\u00fcrlek issued a statement following his visit to Diyarbak\u0131r Governor Murat Zorluo\u011flu, calling for the process to be supported with patience.<\/p>\n\n\n\n<p>President Erdo\u011fan spoke on the phone with Russian President Vladimir Putin. During the conversation, Erdo\u011fan stated that \u2018Turkey does not condone the attacks against Iran, nor does it approve of Iran\u2019s retaliation against countries in the region\u2019.<\/p>\n\n\n\n<p>DEM Party MP Newroz Uysal Aslan, who brought the violations occurring at Dumlu High-Security Prison to the attention of Parliament, stated that prisoners were being treated as criminals for carrying out cleaning duties, that they were being given spoiled milk, that access to the exercise yard was being arbitrarily restricted, and that families were subjected to numerous impositions, such as strip searches.&nbsp;<\/p>\n\n\n\n<p>Justice Minister Akin Gurlek said a social media regulation would be included in a new judicial reform package, adding: \u201cWe have reached an agreement with social media platforms. Within three months, everyone will access social media using their identity.\u201d&nbsp;<\/p>\n\n\n\n<p>A rally was held in Bursa in protest of the arrest of Mustafa Bozbey, Mayor of Bursa Metropolitan Municipality.&nbsp;<\/p>\n\n\n\n<p>Youth organisations protesting the arrest of environmental activist Esra I\u015f\u0131k in Akbelen Forest called for an immediate end to the crackdown on environmental activists and demanded Esra I\u015f\u0131k\u2019s release.&nbsp;<\/p>\n\n\n\n<p><strong>Turkey Today &#8211; 02.04.2026<\/strong><\/p>\n\n\n\n<p>Speaker of Parliament Numan Kurtulmu\u015f met with Deputy Speaker Pervin Buldan and Mithat Sancar, a member of the DEM Party\u2019s Imrali Delegation.<\/p>\n\n\n\n<p>The Constitutional Court has once again ruled that there has been a violation of rights in the Gezi case, following an application by Tayfun Kahraman regarding the failure to implement the previous ruling on the violation of his rights.&nbsp;<\/p>\n\n\n\n<p>In a parliamentary question regarding the rulings of the ECtHR, Sezgin Tanr\u0131kulu of the CHP asked Justice Minister Ak\u0131n G\u00fcrlek: \u2018How many of the rulings finding Turkey in breach of human rights, issued by the European Court of Human Rights, have been implemented within the prescribed timeframe?\u2019&nbsp;<\/p>\n\n\n\n<p>Lawyers took to the streets in numerous cities to demand the release of their colleague Musa Bende\u015f, who has been detained for nearly two months on charges of \u2018resisting the police\u2019 during a protest against the attacks on Rojava.&nbsp;<\/p>\n\n\n\n<p>The hearing in the retrial of sociologist and writer P\u0131nar Selek, whose fourth acquittal in the case related to the Egyptian Bazaar bombing was overturned by the Court of Cassation, was held in Istanbul. The court ruled to continue the arrest warrant issued in absentia against Selek.&nbsp;<\/p>\n\n\n\n<p>The first hearing in the case against documentary filmmaker Koray Kesik on the charge of \u201cmaking propaganda for an organization\u201d due to his involvement in the 2013 documentary Bakur, was held in Batman. The court lifted the judicial control measures and the travel ban. Trial adjourned until May.&nbsp;<\/p>\n\n\n\n<p>Turkey Today &#8211; 01.04.2026<\/p>\n\n\n\n<p>In Mardin&#8217;s Nusaybin district the graves of those who lost their lives at various times during the war have been desecrated.&nbsp;&nbsp;<\/p>\n\n\n\n<p>In a joint statement made in front of Esenyurt Town Hall, the DEM Party and the CHP said, \u2018We wish to emphasise that we stand with our people in every square and in every sphere.\u2019&nbsp;&nbsp;<\/p>\n\n\n\n<p>Following his speech at the AKP parliamentary group meeting, President Erdo\u011fan met with Speaker of Parliament Numan Kurtulmu\u015f.<\/p>\n\n\n\n<p>In an investigation conducted in Bursa, 57 people, including Bursa Metropolitan Mayor Mustafa Bozbey, have been detained on allegations of bribery and organised crime. Seven companies have had administrators appointed, and proceedings are ongoing.<\/p>\n\n\n\n<p>Prisoners on hunger strike at Antalya High-Security Closed Prison are experiencing critical health problems. The IHD, \u00c7HD and \u00d6HD have issued a joint statement calling for the closure of cell-block prisons.&nbsp;<\/p>\n\n\n\n<p>During the site inspection carried out as part of the legal proceedings against the urgent expropriation of agricultural land surrounding Akbelen Forest, villagers were not allowed onto the site.&nbsp;&nbsp;<\/p>\n\n\n\n<p><\/p>\n","protected":false},"excerpt":{"rendered":"<p>Turkey Weekly 1 &#8211; 5 April 2026 Turkey Today &#8211; 05.04.2026 The \u2018e-Lawyer\u2019 scheme, introduced on the instructions of Justice Minister Ak\u0131n G\u00fcrlek, who sought to restrict detainees\u2019 right to consult with their lawyers, has been implemented.&nbsp; CHP chair \u00d6zg\u00fcr&hellip; <a href=\"http:\/\/eutcc.net\/?page_id=2217\" class=\"more-link\">Continue reading <span class=\"meta-nav\">&rarr;<\/span><\/a><\/p>\n","protected":false},"author":1,"featured_media":0,"parent":0,"menu_order":0,"comment_status":"closed","ping_status":"closed","template":"","meta":{"footnotes":""},"class_list":["post-2217","page","type-page","status-publish","hentry"],"_links":{"self":[{"href":"http:\/\/eutcc.net\/index.php?rest_route=\/wp\/v2\/pages\/2217","targetHints":{"allow":["GET"]}}],"collection":[{"href":"http:\/\/eutcc.net\/index.php?rest_route=\/wp\/v2\/pages"}],"about":[{"href":"http:\/\/eutcc.net\/index.php?rest_route=\/wp\/v2\/types\/page"}],"author":[{"embeddable":true,"href":"http:\/\/eutcc.net\/index.php?rest_route=\/wp\/v2\/users\/1"}],"replies":[{"embeddable":true,"href":"http:\/\/eutcc.net\/index.php?rest_route=%2Fwp%2Fv2%2Fcomments&post=2217"}],"version-history":[{"count":1,"href":"http:\/\/eutcc.net\/index.php?rest_route=\/wp\/v2\/pages\/2217\/revisions"}],"predecessor-version":[{"id":2218,"href":"http:\/\/eutcc.net\/index.php?rest_route=\/wp\/v2\/pages\/2217\/revisions\/2218"}],"wp:attachment":[{"href":"http:\/\/eutcc.net\/index.php?rest_route=%2Fwp%2Fv2%2Fmedia&parent=2217"}],"curies":[{"name":"wp","href":"https:\/\/api.w.org\/{rel}","templated":true}]}}